{"id":7932,"date":"2024-12-16T12:48:07","date_gmt":"2024-12-16T17:48:07","guid":{"rendered":"https:\/\/museoparc.ca\/?page_id=7932"},"modified":"2025-11-14T15:35:53","modified_gmt":"2025-11-14T20:35:53","slug":"the-museopark-gift-shop","status":"publish","type":"page","link":"https:\/\/museoparc.ca\/en\/the-museopark-gift-shop\/","title":{"rendered":"The Museopark gift shop"},"content":{"rendered":"\t\t<div data-elementor-type=\"wp-page\" data-elementor-id=\"7932\" class=\"elementor elementor-7932 elementor-87\" data-elementor-post-type=\"page\">\n\t\t\t\t<div class=\"elementor-element elementor-element-acc0522 e-flex e-con-boxed e-con e-parent\" data-id=\"acc0522\" data-element_type=\"container\" data-e-type=\"container\">\n\t\t\t\t\t<div class=\"e-con-inner\">\n\t\t<div class=\"elementor-element elementor-element-61e3629 e-con-full e-flex e-con e-child\" data-id=\"61e3629\" data-element_type=\"container\" data-e-type=\"container\">\n\t\t\t\t<div class=\"elementor-element elementor-element-5537e7c h2 elementor-widget__width-inherit elementor-widget elementor-widget-heading\" data-id=\"5537e7c\" data-element_type=\"widget\" data-e-type=\"widget\" data-widget_type=\"heading.default\">\n\t\t\t\t<div class=\"elementor-widget-container\">\n\t\t\t\t\t<h1 class=\"elementor-heading-title elementor-size-default\">The Museopark gift shop<\/h1>\t\t\t\t<\/div>\n\t\t\t\t<\/div>\n\t\t\t\t<\/div>\n\t\t\t\t\t<\/div>\n\t\t\t\t<\/div>\n\t\t<div class=\"elementor-element elementor-element-fb0b79f e-flex e-con-boxed e-con e-parent\" data-id=\"fb0b79f\" data-element_type=\"container\" data-e-type=\"container\">\n\t\t\t\t\t<div class=\"e-con-inner\">\n\t\t<div class=\"elementor-element elementor-element-8077616 e-con-full e-grid e-con e-child\" data-id=\"8077616\" data-element_type=\"container\" data-e-type=\"container\">\n\t\t\t\t<div class=\"elementor-element elementor-element-a7fa9e1 elementor-widget__width-initial elementor-widget elementor-widget-text-editor\" data-id=\"a7fa9e1\" data-element_type=\"widget\" data-e-type=\"widget\" data-widget_type=\"text-editor.default\">\n\t\t\t\t<div class=\"elementor-widget-container\">\n\t\t\t\t\t\t\t\t\t<p><strong>The Vanier Museopark gift shop offers a unique selection of items that highlight local history, culture, and traditions.<\/strong><\/p><p>You\u2019ll find books on the history of Vanier, objects inspired by our exhibits, the Vanier Museopark\u2019s famous maple syrup produced at our very own sugar shack, as well as various maple-based products, including candies, soaps, and candles. We also create custom gift baskets upon request.<\/p>\t\t\t\t\t\t\t\t<\/div>\n\t\t\t\t<\/div>\n\t\t\t\t<div class=\"elementor-element elementor-element-4cf488b elementor-widget__width-initial e-n-tabs-mobile elementor-widget elementor-widget-n-tabs\" data-id=\"4cf488b\" data-element_type=\"widget\" data-e-type=\"widget\" data-settings=\"{&quot;tabs_justify_horizontal&quot;:&quot;stretch&quot;,&quot;horizontal_scroll&quot;:&quot;disable&quot;}\" data-widget_type=\"nested-tabs.default\">\n\t\t\t\t<div class=\"elementor-widget-container\">\n\t\t\t\t\t\t\t<div class=\"e-n-tabs\" data-widget-number=\"80693387\" aria-label=\"Tabs. Open items with Enter or Space, close with Escape and navigate using the Arrow keys.\">\n\t\t\t<div class=\"e-n-tabs-heading\" role=\"tablist\">\n\t\t\t\t\t<button id=\"e-n-tab-title-806933871\" data-tab-title-id=\"e-n-tab-title-806933871\" class=\"e-n-tab-title\" aria-selected=\"true\" data-tab-index=\"1\" role=\"tab\" tabindex=\"0\" aria-controls=\"e-n-tab-content-806933871\" style=\"--n-tabs-title-order: 1;\">\n\t\t\t\t\t\t<span class=\"e-n-tab-title-text\">\n\t\t\t\tWhere to buy\t\t\t<\/span>\n\t\t<\/button>\n\t\t\t\t<button id=\"e-n-tab-title-806933872\" data-tab-title-id=\"e-n-tab-title-806933872\" class=\"e-n-tab-title\" aria-selected=\"false\" data-tab-index=\"2\" role=\"tab\" tabindex=\"-1\" aria-controls=\"e-n-tab-content-806933872\" style=\"--n-tabs-title-order: 2;\">\n\t\t\t\t\t\t<span class=\"e-n-tab-title-text\">\n\t\t\t\tTo order and\/or pay:\t\t\t<\/span>\n\t\t<\/button>\n\t\t\t\t\t<\/div>\n\t\t\t<div class=\"e-n-tabs-content\">\n\t\t\t\t<div id=\"e-n-tab-content-806933871\" role=\"tabpanel\" aria-labelledby=\"e-n-tab-title-806933871\" data-tab-index=\"1\" style=\"--n-tabs-title-order: 1;\" class=\"e-active elementor-element elementor-element-74b5a27 e-con-full e-flex e-con e-child\" data-id=\"74b5a27\" data-element_type=\"container\" data-e-type=\"container\">\n\t\t<div class=\"elementor-element elementor-element-6627f0b e-flex e-con-boxed e-con e-child\" data-id=\"6627f0b\" data-element_type=\"container\" data-e-type=\"container\">\n\t\t\t\t\t<div class=\"e-con-inner\">\n\t\t\t\t<div class=\"elementor-element elementor-element-2b9863a elementor-widget elementor-widget-text-editor\" data-id=\"2b9863a\" data-element_type=\"widget\" data-e-type=\"widget\" data-widget_type=\"text-editor.default\">\n\t\t\t\t<div class=\"elementor-widget-container\">\n\t\t\t\t\t\t\t\t\t<span style=\"font-weight: 400;\">Our products are available at our\u00a0<\/span><b>two physical locations:<\/b><span style=\"font-weight: 400;\">\u00a0:<\/span>\n<ul>\n \t<li style=\"font-weight: 400;\" aria-level=\"1\"><b>At the Vanier Museopark museum<\/b><span style=\"font-weight: 400;\">, located on the 2nd<span style=\"font-weight: 400;\"> floor du 300, av. des P\u00e8res-Blancs in Ottawa<\/span><\/li>\n \t<li style=\"font-weight: 400;\" aria-level=\"1\"><b style=\"font-style: inherit;\">At the Vanier Sugar Shack<\/b><span style=\"font-weight: 400;\">, during maple season<\/span><\/li>\n<\/ul>\t\t\t\t\t\t\t\t<\/div>\n\t\t\t\t<\/div>\n\t\t\t\t\t<\/div>\n\t\t\t\t<\/div>\n\t\t\t\t<\/div>\n\t\t<div id=\"e-n-tab-content-806933872\" role=\"tabpanel\" aria-labelledby=\"e-n-tab-title-806933872\" data-tab-index=\"2\" style=\"--n-tabs-title-order: 2;\" class=\" elementor-element elementor-element-7210c58 e-con-full e-flex e-con e-child\" data-id=\"7210c58\" data-element_type=\"container\" data-e-type=\"container\">\n\t\t<div class=\"elementor-element elementor-element-8a5b3da e-flex e-con-boxed e-con e-child\" data-id=\"8a5b3da\" data-element_type=\"container\" data-e-type=\"container\">\n\t\t\t\t\t<div class=\"e-con-inner\">\n\t\t\t\t<div class=\"elementor-element elementor-element-f7efd9c elementor-widget elementor-widget-text-editor\" data-id=\"f7efd9c\" data-element_type=\"widget\" data-e-type=\"widget\" data-widget_type=\"text-editor.default\">\n\t\t\t\t<div class=\"elementor-widget-container\">\n\t\t\t\t\t\t\t\t\t<ul><li>In person (at the Museopark or Sugar Shack)<\/li><li>By phone: 613-842-9871, ext. 4<\/li><li>By Interac e-transfer: info@museoparc.ca<\/li><li>Accepted payment methods: cash, card or mobile<\/li><li>For any order or special request, feel free to contact us<\/li><\/ul>\t\t\t\t\t\t\t\t<\/div>\n\t\t\t\t<\/div>\n\t\t\t\t\t<\/div>\n\t\t\t\t<\/div>\n\t\t\t\t<\/div>\n\t\t\t\t\t<\/div>\n\t\t<\/div>\n\t\t\t\t\t\t<\/div>\n\t\t\t\t<\/div>\n\t\t\t\t<\/div>\n\t\t<div class=\"elementor-element elementor-element-d6eb90c e-con-full e-grid e-con e-child\" data-id=\"d6eb90c\" data-element_type=\"container\" data-e-type=\"container\">\n\t\t\t\t<div class=\"elementor-element elementor-element-f28e03e elementor-widget__width-initial elementor-widget elementor-widget-image\" data-id=\"f28e03e\" data-element_type=\"widget\" data-e-type=\"widget\" data-widget_type=\"image.default\">\n\t\t\t\t<div class=\"elementor-widget-container\">\n\t\t\t\t\t\t\t\t\t\t\t\t\t\t\t<img alt=\"\" fetchpriority=\"high\" decoding=\"async\" width=\"1153\" height=\"768\" src=\"https:\/\/museoparc.ca\/wp-content\/uploads\/2025\/04\/kp-museoparcvanier-2023-231024-206.jpg\" class=\"attachment-full size-full wp-image-2789\" alt=\"\" srcset=\"https:\/\/museoparc.ca\/wp-content\/uploads\/2025\/04\/kp-museoparcvanier-2023-231024-206.jpg 1153w, https:\/\/museoparc.ca\/wp-content\/uploads\/2025\/04\/kp-museoparcvanier-2023-231024-206-300x200.jpg 300w, https:\/\/museoparc.ca\/wp-content\/uploads\/2025\/04\/kp-museoparcvanier-2023-231024-206-1024x682.jpg 1024w, https:\/\/museoparc.ca\/wp-content\/uploads\/2025\/04\/kp-museoparcvanier-2023-231024-206-768x512.jpg 768w\" sizes=\"(max-width: 1153px) 100vw, 1153px\" \/>\t\t\t\t\t\t\t\t\t\t\t\t\t\t\t<\/div>\n\t\t\t\t<\/div>\n\t\t\t\t<\/div>\n\t\t\t\t\t<\/div>\n\t\t\t\t<\/div>\n\t\t<div class=\"elementor-element elementor-element-6a11f04 e-flex e-con-boxed e-con e-parent\" data-id=\"6a11f04\" data-element_type=\"container\" data-e-type=\"container\" data-settings=\"{&quot;background_background&quot;:&quot;classic&quot;}\">\n\t\t\t\t\t<div class=\"e-con-inner\">\n\t\t<div class=\"elementor-element elementor-element-d08044c e-con-full e-flex e-con e-child\" data-id=\"d08044c\" data-element_type=\"container\" data-e-type=\"container\" data-settings=\"{&quot;background_background&quot;:&quot;classic&quot;}\">\n\t\t\t\t<div class=\"elementor-element elementor-element-a09b557 elementor-widget elementor-widget-heading\" data-id=\"a09b557\" data-element_type=\"widget\" data-e-type=\"widget\" data-widget_type=\"heading.default\">\n\t\t\t\t<div class=\"elementor-widget-container\">\n\t\t\t\t\t<h3 class=\"elementor-heading-title elementor-size-default\">Coming soon<\/h3>\t\t\t\t<\/div>\n\t\t\t\t<\/div>\n\t\t\t\t<div class=\"elementor-element elementor-element-ff38504 elementor-widget elementor-widget-text-editor\" data-id=\"ff38504\" data-element_type=\"widget\" data-e-type=\"widget\" data-widget_type=\"text-editor.default\">\n\t\t\t\t<div class=\"elementor-widget-container\">\n\t\t\t\t\t\t\t\t\tWe are currently exploring options for an online gift shop with delivery to better serve our customers\u2019 needs and make your shopping experience easier. Until then, purchases and pickups must be made in person.\t\t\t\t\t\t\t\t<\/div>\n\t\t\t\t<\/div>\n\t\t\t\t<\/div>\n\t\t\t\t\t<\/div>\n\t\t\t\t<\/div>\n\t\t<div class=\"elementor-element elementor-element-4245e1a e-flex e-con-boxed e-con e-parent\" data-id=\"4245e1a\" data-element_type=\"container\" data-e-type=\"container\">\n\t\t\t\t\t<div class=\"e-con-inner\">\n\t\t<div class=\"elementor-element elementor-element-5860127 e-con-full e-flex e-con e-child\" data-id=\"5860127\" data-element_type=\"container\" data-e-type=\"container\">\n\t\t\t\t<div class=\"elementor-element elementor-element-2d6b22c elementor-widget__width-initial elementor-widget elementor-widget-image\" data-id=\"2d6b22c\" data-element_type=\"widget\" data-e-type=\"widget\" data-widget_type=\"image.default\">\n\t\t\t\t<div class=\"elementor-widget-container\">\n\t\t\t\t\t\t\t\t\t\t\t\t\t\t\t\t<a href=\"http:\/\/weblink.donorperfect.com\/tuquesfestivaldessucres\" target=\"_blank\">\n\t\t\t\t\t\t\t<img alt=\"\" decoding=\"async\" width=\"850\" height=\"850\" src=\"https:\/\/museoparc.ca\/wp-content\/uploads\/2025\/05\/Boutique_sirop.png\" class=\"attachment-2048x2048 size-2048x2048 wp-image-5104\" alt=\"\" srcset=\"https:\/\/museoparc.ca\/wp-content\/uploads\/2025\/05\/Boutique_sirop.png 850w, https:\/\/museoparc.ca\/wp-content\/uploads\/2025\/05\/Boutique_sirop-300x300.png 300w, https:\/\/museoparc.ca\/wp-content\/uploads\/2025\/05\/Boutique_sirop-150x150.png 150w, https:\/\/museoparc.ca\/wp-content\/uploads\/2025\/05\/Boutique_sirop-768x768.png 768w\" sizes=\"(max-width: 850px) 100vw, 850px\" \/>\t\t\t\t\t\t\t\t<\/a>\n\t\t\t\t\t\t\t\t\t\t\t\t\t\t\t<\/div>\n\t\t\t\t<\/div>\n\t\t\t\t<\/div>\n\t\t<div class=\"elementor-element elementor-element-76297d9 e-con-full e-flex e-con e-child\" data-id=\"76297d9\" data-element_type=\"container\" data-e-type=\"container\">\n\t\t\t\t<div class=\"elementor-element elementor-element-795527c elementor-widget elementor-widget-heading\" data-id=\"795527c\" data-element_type=\"widget\" data-e-type=\"widget\" data-widget_type=\"heading.default\">\n\t\t\t\t<div class=\"elementor-widget-container\">\n\t\t\t\t\t<h3 class=\"elementor-heading-title elementor-size-default\">The Vanier Museopark maple syrup \u2013 2025 batch<br>\n$10<\/h3>\t\t\t\t<\/div>\n\t\t\t\t<\/div>\n\t\t\t\t<div class=\"elementor-element elementor-element-e65e0d0 elementor-widget elementor-widget-text-editor\" data-id=\"e65e0d0\" data-element_type=\"widget\" data-e-type=\"widget\" data-widget_type=\"text-editor.default\">\n\t\t\t\t<div class=\"elementor-widget-container\">\n\t\t\t\t\t\t\t\t\t<p>Harvested each spring at our sugar shack in the heart of Vanier, the Vanier Museopark\u2019s maple syrup is a true local delight. 100% natural and traditionally made, it reflects the craftsmanship and cultural richness of our community.<\/p><p><b>NEW<\/b>: The 2025 edition labels were created by visual arts students from \u00c9cole secondaire catholique B\u00e9atrice-Desloges in Orl\u00e9ans.<\/p>\t\t\t\t\t\t\t\t<\/div>\n\t\t\t\t<\/div>\n\t\t\t\t<\/div>\n\t\t\t\t\t<\/div>\n\t\t\t\t<\/div>\n\t\t<div class=\"elementor-element elementor-element-ca580ab e-flex e-con-boxed e-con e-parent\" data-id=\"ca580ab\" data-element_type=\"container\" data-e-type=\"container\">\n\t\t\t\t\t<div class=\"e-con-inner\">\n\t\t<div class=\"elementor-element elementor-element-fe912d0 e-con-full e-flex e-con e-child\" data-id=\"fe912d0\" data-element_type=\"container\" data-e-type=\"container\">\n\t\t\t\t<div class=\"elementor-element elementor-element-4cb070f elementor-widget elementor-widget-image\" data-id=\"4cb070f\" data-element_type=\"widget\" data-e-type=\"widget\" data-widget_type=\"image.default\">\n\t\t\t\t<div class=\"elementor-widget-container\">\n\t\t\t\t\t\t\t\t\t\t\t\t\t\t\t\t<a href=\"http:\/\/weblink.donorperfect.com\/tuquesfestivaldessucres\" target=\"_blank\">\n\t\t\t\t\t\t\t<img alt=\"\" decoding=\"async\" width=\"300\" height=\"300\" src=\"https:\/\/museoparc.ca\/wp-content\/uploads\/2025\/05\/Tuques-FDS-300x300-1.png\" class=\"attachment-large size-large wp-image-3343\" alt=\"\" srcset=\"https:\/\/museoparc.ca\/wp-content\/uploads\/2025\/05\/Tuques-FDS-300x300-1.png 300w, https:\/\/museoparc.ca\/wp-content\/uploads\/2025\/05\/Tuques-FDS-300x300-1-150x150.png 150w\" sizes=\"(max-width: 300px) 100vw, 300px\" \/>\t\t\t\t\t\t\t\t<\/a>\n\t\t\t\t\t\t\t\t\t\t\t\t\t\t\t<\/div>\n\t\t\t\t<\/div>\n\t\t\t\t<\/div>\n\t\t<div class=\"elementor-element elementor-element-7b758d9 e-con-full e-flex e-con e-child\" data-id=\"7b758d9\" data-element_type=\"container\" data-e-type=\"container\">\n\t\t\t\t<div class=\"elementor-element elementor-element-57a834c elementor-widget elementor-widget-heading\" data-id=\"57a834c\" data-element_type=\"widget\" data-e-type=\"widget\" data-widget_type=\"heading.default\">\n\t\t\t\t<div class=\"elementor-widget-container\">\n\t\t\t\t\t<h3 class=\"elementor-heading-title elementor-size-default\">Sugar Festival tuque<br>$35<\/h3>\t\t\t\t<\/div>\n\t\t\t\t<\/div>\n\t\t\t\t<div class=\"elementor-element elementor-element-4476f8d elementor-widget elementor-widget-text-editor\" data-id=\"4476f8d\" data-element_type=\"widget\" data-e-type=\"widget\" data-widget_type=\"text-editor.default\">\n\t\t\t\t<div class=\"elementor-widget-container\">\n\t\t\t\t\t\t\t\t\tShow your local pride in style with a Sugar Festival, available in two models (with or without pompom). All proceeds help keep this beloved community event free and accessible to everyone.\t\t\t\t\t\t\t\t<\/div>\n\t\t\t\t<\/div>\n\t\t\t\t<\/div>\n\t\t\t\t\t<\/div>\n\t\t\t\t<\/div>\n\t\t<div class=\"elementor-element elementor-element-23b55b6 e-flex e-con-boxed e-con e-parent\" data-id=\"23b55b6\" data-element_type=\"container\" data-e-type=\"container\">\n\t\t\t\t\t<div class=\"e-con-inner\">\n\t\t<div class=\"elementor-element elementor-element-ad1b85f e-con-full e-flex e-con e-child\" data-id=\"ad1b85f\" data-element_type=\"container\" data-e-type=\"container\">\n\t\t\t\t<div class=\"elementor-element elementor-element-264f755 elementor-widget elementor-widget-image\" data-id=\"264f755\" data-element_type=\"widget\" data-e-type=\"widget\" data-widget_type=\"image.default\">\n\t\t\t\t<div class=\"elementor-widget-container\">\n\t\t\t\t\t\t\t\t\t\t\t\t\t\t\t<img alt=\"\" loading=\"lazy\" decoding=\"async\" width=\"850\" height=\"850\" src=\"https:\/\/museoparc.ca\/wp-content\/uploads\/2025\/05\/Boutique_recueil.png\" class=\"attachment-large size-large wp-image-5106\" alt=\"\" srcset=\"https:\/\/museoparc.ca\/wp-content\/uploads\/2025\/05\/Boutique_recueil.png 850w, https:\/\/museoparc.ca\/wp-content\/uploads\/2025\/05\/Boutique_recueil-300x300.png 300w, https:\/\/museoparc.ca\/wp-content\/uploads\/2025\/05\/Boutique_recueil-150x150.png 150w, https:\/\/museoparc.ca\/wp-content\/uploads\/2025\/05\/Boutique_recueil-768x768.png 768w\" sizes=\"(max-width: 850px) 100vw, 850px\" \/>\t\t\t\t\t\t\t\t\t\t\t\t\t\t\t<\/div>\n\t\t\t\t<\/div>\n\t\t\t\t<\/div>\n\t\t<div class=\"elementor-element elementor-element-b861b46 e-con-full e-flex e-con e-child\" data-id=\"b861b46\" data-element_type=\"container\" data-e-type=\"container\">\n\t\t\t\t<div class=\"elementor-element elementor-element-ed0596e elementor-widget elementor-widget-heading\" data-id=\"ed0596e\" data-element_type=\"widget\" data-e-type=\"widget\" data-widget_type=\"heading.default\">\n\t\t\t\t<div class=\"elementor-widget-container\">\n\t\t\t\t\t<h3 class=\"elementor-heading-title elementor-size-default\">Chroniques d\u2019Eastview : Recueil d\u2019histoires orales de Vanier Book <br>$20<\/h3>\t\t\t\t<\/div>\n\t\t\t\t<\/div>\n\t\t\t\t<div class=\"elementor-element elementor-element-d50ea10 elementor-widget elementor-widget-text-editor\" data-id=\"d50ea10\" data-element_type=\"widget\" data-e-type=\"widget\" data-widget_type=\"text-editor.default\">\n\t\t\t\t<div class=\"elementor-widget-container\">\n\t\t\t\t\t\t\t\t\tThe result of over ten years of oral history collection, Chroniques d\u2019Eastview brings together the memories of those who grew up in Eastview, now known as Vanier. Directed by Yanick Labossi\u00e8re, curator at the Vanier Museopark, and illustrated by Alena Krasnikova, this book celebrates the richness of the neighbourhood\u2019s oral heritage.\nForeword by Gis\u00e8le Lalonde. Published by \u00c9ditions David.\n\n\nAvailable in print at the Vanier Museopark gift shop, in bookstores and  as an <span style=\"text-decoration: underline;\"><a href=\"https:\/\/www.leslibraires.ca\/livres\/chroniques-d-eastview-9782895979432.html\">e-book here.<\/a><\/span>\t\t\t\t\t\t\t\t<\/div>\n\t\t\t\t<\/div>\n\t\t\t\t<\/div>\n\t\t\t\t\t<\/div>\n\t\t\t\t<\/div>\n\t\t<div class=\"elementor-element elementor-element-6fcc9a7 e-flex e-con-boxed e-con e-parent\" data-id=\"6fcc9a7\" data-element_type=\"container\" data-e-type=\"container\">\n\t\t\t\t\t<div class=\"e-con-inner\">\n\t\t<div class=\"elementor-element elementor-element-e554110 e-con-full e-flex e-con e-child\" data-id=\"e554110\" data-element_type=\"container\" data-e-type=\"container\">\n\t\t\t\t<div class=\"elementor-element elementor-element-7c16b1e elementor-widget elementor-widget-image\" data-id=\"7c16b1e\" data-element_type=\"widget\" data-e-type=\"widget\" data-widget_type=\"image.default\">\n\t\t\t\t<div class=\"elementor-widget-container\">\n\t\t\t\t\t\t\t\t\t\t\t\t\t\t\t<img alt=\"\" loading=\"lazy\" decoding=\"async\" width=\"850\" height=\"850\" src=\"https:\/\/museoparc.ca\/wp-content\/uploads\/2025\/05\/Boutique_paniers.png\" class=\"attachment-large size-large wp-image-5108\" alt=\"\" srcset=\"https:\/\/museoparc.ca\/wp-content\/uploads\/2025\/05\/Boutique_paniers.png 850w, https:\/\/museoparc.ca\/wp-content\/uploads\/2025\/05\/Boutique_paniers-300x300.png 300w, https:\/\/museoparc.ca\/wp-content\/uploads\/2025\/05\/Boutique_paniers-150x150.png 150w, https:\/\/museoparc.ca\/wp-content\/uploads\/2025\/05\/Boutique_paniers-768x768.png 768w\" sizes=\"(max-width: 850px) 100vw, 850px\" \/>\t\t\t\t\t\t\t\t\t\t\t\t\t\t\t<\/div>\n\t\t\t\t<\/div>\n\t\t\t\t<\/div>\n\t\t<div class=\"elementor-element elementor-element-f5ff0ad e-con-full e-flex e-con e-child\" data-id=\"f5ff0ad\" data-element_type=\"container\" data-e-type=\"container\">\n\t\t\t\t<div class=\"elementor-element elementor-element-d5bf38b elementor-widget elementor-widget-heading\" data-id=\"d5bf38b\" data-element_type=\"widget\" data-e-type=\"widget\" data-widget_type=\"heading.default\">\n\t\t\t\t<div class=\"elementor-widget-container\">\n\t\t\t\t\t<h3 class=\"elementor-heading-title elementor-size-default\">Gift baskets <br>(Pricing varies based on selected items)<\/h3>\t\t\t\t<\/div>\n\t\t\t\t<\/div>\n\t\t\t\t<div class=\"elementor-element elementor-element-e6c6398 elementor-widget elementor-widget-text-editor\" data-id=\"e6c6398\" data-element_type=\"widget\" data-e-type=\"widget\" data-widget_type=\"text-editor.default\">\n\t\t\t\t<div class=\"elementor-widget-container\">\n\t\t\t\t\t\t\t\t\t<p>Give a unique, local gift with our custom gift baskets filled with products from the Vanier Museopark gift shop, including our delightful maple products.<\/p><p>Perfect for teachers, hosts, or fundraising auctions! Each basket is thoughtfully prepared to suit your needs and budget.<\/p>\t\t\t\t\t\t\t\t<\/div>\n\t\t\t\t<\/div>\n\t\t\t\t<\/div>\n\t\t\t\t\t<\/div>\n\t\t\t\t<\/div>\n\t\t\t\t<\/div>\n\t\t","protected":false},"excerpt":{"rendered":"<p>The Museopark gift shop The Vanier Museopark gift shop offers a unique selection of items that highlight local history, culture, [&hellip;]<\/p>\n","protected":false},"author":3,"featured_media":0,"parent":0,"menu_order":18,"comment_status":"closed","ping_status":"closed","template":"elementor_header_footer","meta":{"_acf_changed":false,"_seopress_robots_primary_cat":"","_seopress_titles_title":"Gift Shop | Mus\u00e9oparc Vanier","_seopress_titles_desc":"Our store offers a unique selection of items showcasing local history, culture, and traditions. Discover our products online!","_seopress_robots_index":"","site-sidebar-layout":"no-sidebar","site-content-layout":"","ast-site-content-layout":"full-width-container","site-content-style":"default","site-sidebar-style":"default","ast-global-header-display":"","ast-banner-title-visibility":"","ast-main-header-display":"","ast-hfb-above-header-display":"","ast-hfb-below-header-display":"","ast-hfb-mobile-header-display":"","site-post-title":"disabled","ast-breadcrumbs-content":"","ast-featured-img":"disabled","footer-sml-layout":"","ast-disable-related-posts":"","theme-transparent-header-meta":"default","adv-header-id-meta":"","stick-header-meta":"","header-above-stick-meta":"","header-main-stick-meta":"","header-below-stick-meta":"","astra-migrate-meta-layouts":"set","ast-page-background-enabled":"default","ast-page-background-meta":{"desktop":{"background-color":"var(--ast-global-color-4)","background-image":"","background-repeat":"repeat","background-position":"center center","background-size":"auto","background-attachment":"scroll","background-type":"","background-media":"","overlay-type":"","overlay-color":"","overlay-opacity":"","overlay-gradient":""},"tablet":{"background-color":"","background-image":"","background-repeat":"repeat","background-position":"center center","background-size":"auto","background-attachment":"scroll","background-type":"","background-media":"","overlay-type":"","overlay-color":"","overlay-opacity":"","overlay-gradient":""},"mobile":{"background-color":"","background-image":"","background-repeat":"repeat","background-position":"center center","background-size":"auto","background-attachment":"scroll","background-type":"","background-media":"","overlay-type":"","overlay-color":"","overlay-opacity":"","overlay-gradient":""}},"ast-content-background-meta":{"desktop":{"background-color":"var(--ast-global-color-5)","background-image":"","background-repeat":"repeat","background-position":"center center","background-size":"auto","background-attachment":"scroll","background-type":"","background-media":"","overlay-type":"","overlay-color":"","overlay-opacity":"","overlay-gradient":""},"tablet":{"background-color":"var(--ast-global-color-5)","background-image":"","background-repeat":"repeat","background-position":"center center","background-size":"auto","background-attachment":"scroll","background-type":"","background-media":"","overlay-type":"","overlay-color":"","overlay-opacity":"","overlay-gradient":""},"mobile":{"background-color":"var(--ast-global-color-5)","background-image":"","background-repeat":"repeat","background-position":"center center","background-size":"auto","background-attachment":"scroll","background-type":"","background-media":"","overlay-type":"","overlay-color":"","overlay-opacity":"","overlay-gradient":""}},"footnotes":""},"expositions-passees":[],"class_list":["post-7932","page","type-page","status-publish","hentry"],"acf":[],"_links":{"self":[{"href":"https:\/\/museoparc.ca\/en\/wp-json\/wp\/v2\/pages\/7932","targetHints":{"allow":["GET"]}}],"collection":[{"href":"https:\/\/museoparc.ca\/en\/wp-json\/wp\/v2\/pages"}],"about":[{"href":"https:\/\/museoparc.ca\/en\/wp-json\/wp\/v2\/types\/page"}],"author":[{"embeddable":true,"href":"https:\/\/museoparc.ca\/en\/wp-json\/wp\/v2\/users\/3"}],"replies":[{"embeddable":true,"href":"https:\/\/museoparc.ca\/en\/wp-json\/wp\/v2\/comments?post=7932"}],"version-history":[{"count":10,"href":"https:\/\/museoparc.ca\/en\/wp-json\/wp\/v2\/pages\/7932\/revisions"}],"predecessor-version":[{"id":10460,"href":"https:\/\/museoparc.ca\/en\/wp-json\/wp\/v2\/pages\/7932\/revisions\/10460"}],"wp:attachment":[{"href":"https:\/\/museoparc.ca\/en\/wp-json\/wp\/v2\/media?parent=7932"}],"wp:term":[{"taxonomy":"expositions-passees","embeddable":true,"href":"https:\/\/museoparc.ca\/en\/wp-json\/wp\/v2\/expositions-passees?post=7932"}],"curies":[{"name":"wp","href":"https:\/\/api.w.org\/{rel}","templated":true}]}}