{"id":7699,"date":"2025-04-16T09:49:26","date_gmt":"2025-04-16T13:49:26","guid":{"rendered":"https:\/\/museoparc.ca\/?page_id=7699"},"modified":"2026-04-21T13:22:17","modified_gmt":"2026-04-21T17:22:17","slug":"getting-involved-at-the-sugar-shack","status":"publish","type":"page","link":"https:\/\/museoparc.ca\/en\/vanier-sugar-shack\/maple-season\/getting-involved-at-the-sugar-shack\/","title":{"rendered":"Getting involved at the Sugar Shack"},"content":{"rendered":"\t\t<div data-elementor-type=\"wp-page\" data-elementor-id=\"7699\" class=\"elementor elementor-7699 elementor-1744\" data-elementor-post-type=\"page\">\n\t\t\t\t<div class=\"elementor-element elementor-element-f9f2000 e-flex e-con-boxed e-con e-parent\" data-id=\"f9f2000\" data-element_type=\"container\" data-e-type=\"container\" data-settings=\"{&quot;background_background&quot;:&quot;classic&quot;}\">\n\t\t\t\t\t<div class=\"e-con-inner\">\n\t\t\t\t\t<\/div>\n\t\t\t\t<\/div>\n\t\t<div class=\"elementor-element elementor-element-7572a49 e-flex e-con-boxed e-con e-parent\" data-id=\"7572a49\" data-element_type=\"container\" data-e-type=\"container\">\n\t\t\t\t\t<div class=\"e-con-inner\">\n\t\t<div class=\"elementor-element elementor-element-c1f9cb5 e-con-full e-flex e-con e-child\" data-id=\"c1f9cb5\" data-element_type=\"container\" data-e-type=\"container\">\n\t\t\t\t<div class=\"elementor-element elementor-element-ffa56ab h2-sm elementor-widget elementor-widget-heading\" data-id=\"ffa56ab\" data-element_type=\"widget\" data-e-type=\"widget\" data-widget_type=\"heading.default\">\n\t\t\t\t<div class=\"elementor-widget-container\">\n\t\t\t\t\t<span class=\"elementor-heading-title elementor-size-default\">Getting involved at the Sugar Shack<\/span>\t\t\t\t<\/div>\n\t\t\t\t<\/div>\n\t\t\t\t<div class=\"elementor-element elementor-element-91c8a04 h2 elementor-widget__width-inherit elementor-widget elementor-widget-heading\" data-id=\"91c8a04\" data-element_type=\"widget\" data-e-type=\"widget\" data-widget_type=\"heading.default\">\n\t\t\t\t<div class=\"elementor-widget-container\">\n\t\t\t\t\t<h1 class=\"elementor-heading-title elementor-size-default\">Thank you to our volunteers\n\n<\/h1>\t\t\t\t<\/div>\n\t\t\t\t<\/div>\n\t\t<div class=\"elementor-element elementor-element-98cae29 e-con-full e-flex e-con e-child\" data-id=\"98cae29\" data-element_type=\"container\" data-e-type=\"container\">\n\t\t<div class=\"elementor-element elementor-element-986bc08 e-con-full e-flex e-con e-child\" data-id=\"986bc08\" data-element_type=\"container\" data-e-type=\"container\">\n\t\t\t\t<div class=\"elementor-element elementor-element-ba33a77 elementor-widget__width-initial elementor-widget elementor-widget-text-editor\" data-id=\"ba33a77\" data-element_type=\"widget\" data-e-type=\"widget\" data-widget_type=\"text-editor.default\">\n\t\t\t\t<div class=\"elementor-widget-container\">\n\t\t\t\t\t\t\t\t\t<p data-start=\"32\" data-end=\"296\">The maple syrup season has now come to an end, and we would like to extend a heartfelt thank you to all our volunteers. You are the true pillars of the Sugar Shack, and your commitment, energy, and generosity helped create a memorable experience for our community.<\/p><p data-start=\"298\" data-end=\"417\">Thanks to you, this season was a true success, filled with warm moments, meaningful encounters, and wonderful memories.<\/p><p data-start=\"419\" data-end=\"487\">We look forward to seeing you again for the 2027 maple syrup season!<\/p><p data-start=\"489\" data-end=\"664\">In the meantime, if you would like to get involved in our upcoming activities or events, please stay tuned for our volunteer calls. Every contribution makes a real difference.<\/p><p data-start=\"666\" data-end=\"708\" data-is-last-node=\"\" data-is-only-node=\"\">Thank you again for your valuable support.<\/p>\t\t\t\t\t\t\t\t<\/div>\n\t\t\t\t<\/div>\n\t\t\t\t<div class=\"elementor-element elementor-element-443e86c link-bg-yellow elementor-hidden-desktop elementor-hidden-laptop elementor-hidden-tablet elementor-hidden-mobile elementor-widget elementor-widget-button\" data-id=\"443e86c\" data-element_type=\"widget\" data-e-type=\"widget\" data-widget_type=\"button.default\">\n\t\t\t\t<div class=\"elementor-widget-container\">\n\t\t\t\t\t\t\t\t\t<div class=\"elementor-button-wrapper\">\n\t\t\t\t\t<a class=\"elementor-button elementor-button-link elementor-size-sm\" href=\"https:\/\/interland3.donorperfect.net\/weblink\/weblink.aspx?name=E353157QE&#038;id=49\">\n\t\t\t\t\t\t<span class=\"elementor-button-content-wrapper\">\n\t\t\t\t\t\t\t\t\t<span class=\"elementor-button-text\">I want to volunteer<\/span>\n\t\t\t\t\t<\/span>\n\t\t\t\t\t<\/a>\n\t\t\t\t<\/div>\n\t\t\t\t\t\t\t\t<\/div>\n\t\t\t\t<\/div>\n\t\t\t\t<\/div>\n\t\t\t\t<div class=\"elementor-element elementor-element-9e3790c elementor-widget__width-initial elementor-widget elementor-widget-image\" data-id=\"9e3790c\" data-element_type=\"widget\" data-e-type=\"widget\" data-widget_type=\"image.default\">\n\t\t\t\t<div class=\"elementor-widget-container\">\n\t\t\t\t\t\t\t\t\t\t\t\t\t\t\t<img alt=\"\" fetchpriority=\"high\" decoding=\"async\" width=\"1024\" height=\"768\" src=\"https:\/\/museoparc.ca\/wp-content\/uploads\/2025\/04\/IMG_7078-2-1.jpg\" class=\"attachment-large size-large wp-image-1750\" alt=\"\" srcset=\"https:\/\/museoparc.ca\/wp-content\/uploads\/2025\/04\/IMG_7078-2-1.jpg 1024w, https:\/\/museoparc.ca\/wp-content\/uploads\/2025\/04\/IMG_7078-2-1-300x225.jpg 300w, https:\/\/museoparc.ca\/wp-content\/uploads\/2025\/04\/IMG_7078-2-1-768x576.jpg 768w\" sizes=\"(max-width: 1024px) 100vw, 1024px\" \/>\t\t\t\t\t\t\t\t\t\t\t\t\t\t\t<\/div>\n\t\t\t\t<\/div>\n\t\t\t\t<\/div>\n\t\t\t\t<\/div>\n\t\t\t\t\t<\/div>\n\t\t\t\t<\/div>\n\t\t<div class=\"elementor-element elementor-element-c84801c elementor-hidden-desktop elementor-hidden-laptop elementor-hidden-tablet elementor-hidden-mobile e-flex e-con-boxed e-con e-parent\" data-id=\"c84801c\" data-element_type=\"container\" data-e-type=\"container\" data-settings=\"{&quot;background_background&quot;:&quot;gradient&quot;}\">\n\t\t\t\t\t<div class=\"e-con-inner\">\n\t\t<div class=\"elementor-element elementor-element-56c1db4e e-con-full home-box musee elementor-hidden-desktop elementor-hidden-laptop elementor-hidden-tablet elementor-hidden-mobile e-flex e-con e-child\" data-id=\"56c1db4e\" data-element_type=\"container\" data-e-type=\"container\" data-settings=\"{&quot;background_background&quot;:&quot;classic&quot;}\">\n\t\t<div class=\"elementor-element elementor-element-203c4ea0 e-con-full e-flex e-con e-child\" data-id=\"203c4ea0\" data-element_type=\"container\" data-e-type=\"container\">\n\t\t\t\t<div class=\"elementor-element elementor-element-32f1ba16 elementor-widget elementor-widget-heading\" data-id=\"32f1ba16\" data-element_type=\"widget\" data-e-type=\"widget\" data-widget_type=\"heading.default\">\n\t\t\t\t<div class=\"elementor-widget-container\">\n\t\t\t\t\t<h4 class=\"elementor-heading-title elementor-size-default\">La Cabane \u00e0 sucre Vanier est maintenant ferm\u00e9e pour la saison.<\/h4>\t\t\t\t<\/div>\n\t\t\t\t<\/div>\n\t\t\t\t<div class=\"elementor-element elementor-element-26c6d0d2 p-sm home-cta elementor-widget elementor-widget-text-editor\" data-id=\"26c6d0d2\" data-element_type=\"widget\" data-e-type=\"widget\" data-widget_type=\"text-editor.default\">\n\t\t\t\t<div class=\"elementor-widget-container\">\n\t\t\t\t\t\t\t\t\tVenez vous sucrer l\u2019bec \u00e0 la Cabane \u00e0 sucre Vanier l\u2019an prochain, lors de la saison des sucres 2026!\n\nD\u2019ici l\u00e0, la Cabane \u00e0 sucre Vanier peut \u00eatre lou\u00e9e pour vos \u00e9v\u00e9nements \n\n\t\t\t\t\t\t\t\t<\/div>\n\t\t\t\t<\/div>\n\t\t\t\t<div class=\"elementor-element elementor-element-22e34f5b home-box-cta elementor-widget elementor-widget-button\" data-id=\"22e34f5b\" data-element_type=\"widget\" data-e-type=\"widget\" data-widget_type=\"button.default\">\n\t\t\t\t<div class=\"elementor-widget-container\">\n\t\t\t\t\t\t\t\t\t<div class=\"elementor-button-wrapper\">\n\t\t\t\t\t<a class=\"elementor-button elementor-button-link elementor-size-sm\" href=\"https:\/\/museoparc.ca\/cabane-a-sucre-vanier\/location-de-la-cabane\/\">\n\t\t\t\t\t\t<span class=\"elementor-button-content-wrapper\">\n\t\t\t\t\t\t\t\t\t<span class=\"elementor-button-text\">En savoir plus<\/span>\n\t\t\t\t\t<\/span>\n\t\t\t\t\t<\/a>\n\t\t\t\t<\/div>\n\t\t\t\t\t\t\t\t<\/div>\n\t\t\t\t<\/div>\n\t\t\t\t<\/div>\n\t\t<div class=\"elementor-element elementor-element-5731ce24 e-con-full e-flex e-con e-child\" data-id=\"5731ce24\" data-element_type=\"container\" data-e-type=\"container\">\n\t\t\t\t<div class=\"elementor-element elementor-element-1d2369d7 elementor-widget elementor-widget-image\" data-id=\"1d2369d7\" data-element_type=\"widget\" data-e-type=\"widget\" data-widget_type=\"image.default\">\n\t\t\t\t<div class=\"elementor-widget-container\">\n\t\t\t\t\t\t\t\t\t\t\t\t\t\t\t<img alt=\"\" decoding=\"async\" width=\"1024\" height=\"768\" src=\"https:\/\/museoparc.ca\/wp-content\/uploads\/2025\/06\/IMG_8559-1024x768.jpg\" class=\"attachment-large size-large wp-image-7082\" alt=\"\" srcset=\"https:\/\/museoparc.ca\/wp-content\/uploads\/2025\/06\/IMG_8559-1024x768.jpg 1024w, https:\/\/museoparc.ca\/wp-content\/uploads\/2025\/06\/IMG_8559-300x225.jpg 300w, https:\/\/museoparc.ca\/wp-content\/uploads\/2025\/06\/IMG_8559-768x576.jpg 768w, https:\/\/museoparc.ca\/wp-content\/uploads\/2025\/06\/IMG_8559.jpg 1440w\" sizes=\"(max-width: 1024px) 100vw, 1024px\" \/>\t\t\t\t\t\t\t\t\t\t\t\t\t\t\t<\/div>\n\t\t\t\t<\/div>\n\t\t\t\t<\/div>\n\t\t\t\t<\/div>\n\t\t<div class=\"elementor-element elementor-element-b17c153 e-con-full home-box cabane e-flex e-con e-child\" data-id=\"b17c153\" data-element_type=\"container\" data-e-type=\"container\" data-settings=\"{&quot;background_background&quot;:&quot;classic&quot;}\">\n\t\t<div class=\"elementor-element elementor-element-28dca858 e-con-full e-flex e-con e-child\" data-id=\"28dca858\" data-element_type=\"container\" data-e-type=\"container\">\n\t\t\t\t<div class=\"elementor-element elementor-element-2176689d elementor-widget elementor-widget-heading\" data-id=\"2176689d\" data-element_type=\"widget\" data-e-type=\"widget\" data-widget_type=\"heading.default\">\n\t\t\t\t<div class=\"elementor-widget-container\">\n\t\t\t\t\t<h4 class=\"elementor-heading-title elementor-size-default\">Getting to the Sugar Shack<\/h4>\t\t\t\t<\/div>\n\t\t\t\t<\/div>\n\t\t\t\t<div class=\"elementor-element elementor-element-162ffc3d p-sm  elementor-widget elementor-widget-text-editor\" data-id=\"162ffc3d\" data-element_type=\"widget\" data-e-type=\"widget\" data-widget_type=\"text-editor.default\">\n\t\t\t\t<div class=\"elementor-widget-container\">\n\t\t\t\t\t\t\t\t\t<p>Opening hours, group reservations, parking and accessibility<\/p>\t\t\t\t\t\t\t\t<\/div>\n\t\t\t\t<\/div>\n\t\t\t\t<div class=\"elementor-element elementor-element-2553c797 home-box-cta elementor-widget elementor-widget-button\" data-id=\"2553c797\" data-element_type=\"widget\" data-e-type=\"widget\" data-widget_type=\"button.default\">\n\t\t\t\t<div class=\"elementor-widget-container\">\n\t\t\t\t\t\t\t\t\t<div class=\"elementor-button-wrapper\">\n\t\t\t\t\t<a class=\"elementor-button elementor-button-link elementor-size-sm\" href=\"https:\/\/museoparc.ca\/en\/vanier-sugar-shack\/maple-season\/getting-to-the-sugar-shack\/\">\n\t\t\t\t\t\t<span class=\"elementor-button-content-wrapper\">\n\t\t\t\t\t\t\t\t\t<span class=\"elementor-button-text\">Learn more<\/span>\n\t\t\t\t\t<\/span>\n\t\t\t\t\t<\/a>\n\t\t\t\t<\/div>\n\t\t\t\t\t\t\t\t<\/div>\n\t\t\t\t<\/div>\n\t\t\t\t<\/div>\n\t\t<div class=\"elementor-element elementor-element-23106816 e-con-full e-flex e-con e-child\" data-id=\"23106816\" data-element_type=\"container\" data-e-type=\"container\">\n\t\t\t\t<div class=\"elementor-element elementor-element-1df33b4b elementor-widget elementor-widget-image\" data-id=\"1df33b4b\" data-element_type=\"widget\" data-e-type=\"widget\" data-widget_type=\"image.default\">\n\t\t\t\t<div class=\"elementor-widget-container\">\n\t\t\t\t\t\t\t\t\t\t\t\t\t\t\t<img decoding=\"async\" width=\"681\" height=\"1024\" src=\"https:\/\/museoparc.ca\/wp-content\/uploads\/2026\/01\/kp-museoparc-sucre-240217-211-681x1024.jpg\" class=\"attachment-large size-large wp-image-11034\" alt=\"kp museoparc sucre 240217 211.jpg\" srcset=\"https:\/\/museoparc.ca\/wp-content\/uploads\/2026\/01\/kp-museoparc-sucre-240217-211-681x1024.jpg 681w, https:\/\/museoparc.ca\/wp-content\/uploads\/2026\/01\/kp-museoparc-sucre-240217-211-199x300.jpg 199w, https:\/\/museoparc.ca\/wp-content\/uploads\/2026\/01\/kp-museoparc-sucre-240217-211.jpg 768w\" sizes=\"(max-width: 681px) 100vw, 681px\" \/>\t\t\t\t\t\t\t\t\t\t\t\t\t\t\t<\/div>\n\t\t\t\t<\/div>\n\t\t\t\t<\/div>\n\t\t\t\t<\/div>\n\t\t<div class=\"elementor-element elementor-element-7611af30 e-con-full home-box musee e-flex e-con e-child\" data-id=\"7611af30\" data-element_type=\"container\" data-e-type=\"container\" data-settings=\"{&quot;background_background&quot;:&quot;classic&quot;}\">\n\t\t<div class=\"elementor-element elementor-element-68601c41 e-con-full e-flex e-con e-child\" data-id=\"68601c41\" data-element_type=\"container\" data-e-type=\"container\">\n\t\t\t\t<div class=\"elementor-element elementor-element-7d8e572f elementor-widget elementor-widget-heading\" data-id=\"7d8e572f\" data-element_type=\"widget\" data-e-type=\"widget\" data-widget_type=\"heading.default\">\n\t\t\t\t<div class=\"elementor-widget-container\">\n\t\t\t\t\t<h4 class=\"elementor-heading-title elementor-size-default\">Eating at the Sugar Shack<\/h4>\t\t\t\t<\/div>\n\t\t\t\t<\/div>\n\t\t\t\t<div class=\"elementor-element elementor-element-5a8c0d2a p-sm home-cta elementor-widget elementor-widget-text-editor\" data-id=\"5a8c0d2a\" data-element_type=\"widget\" data-e-type=\"widget\" data-widget_type=\"text-editor.default\">\n\t\t\t\t<div class=\"elementor-widget-container\">\n\t\t\t\t\t\t\t\t\t<p>Discover the Vanier Sugar Shack\u2019s 2025 menu<\/p>\t\t\t\t\t\t\t\t<\/div>\n\t\t\t\t<\/div>\n\t\t\t\t<div class=\"elementor-element elementor-element-a8b54b3 home-box-cta elementor-widget elementor-widget-button\" data-id=\"a8b54b3\" data-element_type=\"widget\" data-e-type=\"widget\" data-widget_type=\"button.default\">\n\t\t\t\t<div class=\"elementor-widget-container\">\n\t\t\t\t\t\t\t\t\t<div class=\"elementor-button-wrapper\">\n\t\t\t\t\t<a class=\"elementor-button elementor-button-link elementor-size-sm\" href=\"https:\/\/museoparc.ca\/en\/vanier-sugar-shack\/maple-season\/eating-at-the-sugar-shack\/\">\n\t\t\t\t\t\t<span class=\"elementor-button-content-wrapper\">\n\t\t\t\t\t\t\t\t\t<span class=\"elementor-button-text\">Learn more<\/span>\n\t\t\t\t\t<\/span>\n\t\t\t\t\t<\/a>\n\t\t\t\t<\/div>\n\t\t\t\t\t\t\t\t<\/div>\n\t\t\t\t<\/div>\n\t\t\t\t<\/div>\n\t\t<div class=\"elementor-element elementor-element-2f1bd0d2 e-con-full e-flex e-con e-child\" data-id=\"2f1bd0d2\" data-element_type=\"container\" data-e-type=\"container\">\n\t\t\t\t<div class=\"elementor-element elementor-element-4316ee8b elementor-widget elementor-widget-image\" data-id=\"4316ee8b\" data-element_type=\"widget\" data-e-type=\"widget\" data-widget_type=\"image.default\">\n\t\t\t\t<div class=\"elementor-widget-container\">\n\t\t\t\t\t\t\t\t\t\t\t\t\t\t\t<img alt=\"\" loading=\"lazy\" decoding=\"async\" width=\"1024\" height=\"683\" src=\"https:\/\/museoparc.ca\/wp-content\/uploads\/2025\/06\/IMG_2785-1024x683.jpg\" class=\"attachment-large size-large wp-image-7088\" alt=\"\" srcset=\"https:\/\/museoparc.ca\/wp-content\/uploads\/2025\/06\/IMG_2785-1024x683.jpg 1024w, https:\/\/museoparc.ca\/wp-content\/uploads\/2025\/06\/IMG_2785-300x200.jpg 300w, https:\/\/museoparc.ca\/wp-content\/uploads\/2025\/06\/IMG_2785-768x512.jpg 768w, https:\/\/museoparc.ca\/wp-content\/uploads\/2025\/06\/IMG_2785.jpg 1152w\" sizes=\"(max-width: 1024px) 100vw, 1024px\" \/>\t\t\t\t\t\t\t\t\t\t\t\t\t\t\t<\/div>\n\t\t\t\t<\/div>\n\t\t\t\t<\/div>\n\t\t\t\t<\/div>\n\t\t<div class=\"elementor-element elementor-element-572a3e6c e-con-full home-box musee e-flex e-con e-child\" data-id=\"572a3e6c\" data-element_type=\"container\" data-e-type=\"container\" data-settings=\"{&quot;background_background&quot;:&quot;classic&quot;}\">\n\t\t<div class=\"elementor-element elementor-element-2a741fac e-con-full e-flex e-con e-child\" data-id=\"2a741fac\" data-element_type=\"container\" data-e-type=\"container\">\n\t\t\t\t<div class=\"elementor-element elementor-element-6a0cdded elementor-widget elementor-widget-heading\" data-id=\"6a0cdded\" data-element_type=\"widget\" data-e-type=\"widget\" data-widget_type=\"heading.default\">\n\t\t\t\t<div class=\"elementor-widget-container\">\n\t\t\t\t\t<h4 class=\"elementor-heading-title elementor-size-default\">Tapping and harvesting maple sap\n\n<\/h4>\t\t\t\t<\/div>\n\t\t\t\t<\/div>\n\t\t\t\t<div class=\"elementor-element elementor-element-37472e67 p-sm home-cta elementor-widget elementor-widget-text-editor\" data-id=\"37472e67\" data-element_type=\"widget\" data-e-type=\"widget\" data-widget_type=\"text-editor.default\">\n\t\t\t\t<div class=\"elementor-widget-container\">\n\t\t\t\t\t\t\t\t\tFamily and community activities that put a little of you in our maple syrup!\n\n\t\t\t\t\t\t\t\t<\/div>\n\t\t\t\t<\/div>\n\t\t\t\t<div class=\"elementor-element elementor-element-32e0c84 home-box-cta elementor-widget elementor-widget-button\" data-id=\"32e0c84\" data-element_type=\"widget\" data-e-type=\"widget\" data-widget_type=\"button.default\">\n\t\t\t\t<div class=\"elementor-widget-container\">\n\t\t\t\t\t\t\t\t\t<div class=\"elementor-button-wrapper\">\n\t\t\t\t\t<a class=\"elementor-button elementor-button-link elementor-size-sm\" href=\"https:\/\/museoparc.ca\/en\/vanier-sugar-shack\/maple-season\/tapping-and-harvesting-maple-sap\/\">\n\t\t\t\t\t\t<span class=\"elementor-button-content-wrapper\">\n\t\t\t\t\t\t\t\t\t<span class=\"elementor-button-text\">Learn more<\/span>\n\t\t\t\t\t<\/span>\n\t\t\t\t\t<\/a>\n\t\t\t\t<\/div>\n\t\t\t\t\t\t\t\t<\/div>\n\t\t\t\t<\/div>\n\t\t\t\t<\/div>\n\t\t<div class=\"elementor-element elementor-element-5863fd60 e-con-full e-flex e-con e-child\" data-id=\"5863fd60\" data-element_type=\"container\" data-e-type=\"container\">\n\t\t\t\t<div class=\"elementor-element elementor-element-36ac8072 elementor-widget elementor-widget-image\" data-id=\"36ac8072\" data-element_type=\"widget\" data-e-type=\"widget\" data-widget_type=\"image.default\">\n\t\t\t\t<div class=\"elementor-widget-container\">\n\t\t\t\t\t\t\t\t\t\t\t\t\t\t\t<img alt=\"\" loading=\"lazy\" decoding=\"async\" width=\"1024\" height=\"681\" src=\"https:\/\/museoparc.ca\/wp-content\/uploads\/2025\/06\/kp-museoparc-sucre-240217-118-1024x681.jpg\" class=\"attachment-large size-large wp-image-7092\" alt=\"\" srcset=\"https:\/\/museoparc.ca\/wp-content\/uploads\/2025\/06\/kp-museoparc-sucre-240217-118-1024x681.jpg 1024w, https:\/\/museoparc.ca\/wp-content\/uploads\/2025\/06\/kp-museoparc-sucre-240217-118-300x199.jpg 300w, https:\/\/museoparc.ca\/wp-content\/uploads\/2025\/06\/kp-museoparc-sucre-240217-118-768x511.jpg 768w, https:\/\/museoparc.ca\/wp-content\/uploads\/2025\/06\/kp-museoparc-sucre-240217-118.jpg 1155w\" sizes=\"(max-width: 1024px) 100vw, 1024px\" \/>\t\t\t\t\t\t\t\t\t\t\t\t\t\t\t<\/div>\n\t\t\t\t<\/div>\n\t\t\t\t<\/div>\n\t\t\t\t<\/div>\n\t\t\t\t\t<\/div>\n\t\t\t\t<\/div>\n\t\t\t\t<\/div>\n\t\t","protected":false},"excerpt":{"rendered":"<p>Getting involved at the Sugar Shack Thank you to our volunteers The maple syrup season has now come to an [&hellip;]<\/p>\n","protected":false},"author":3,"featured_media":0,"parent":7682,"menu_order":4,"comment_status":"closed","ping_status":"closed","template":"","meta":{"_acf_changed":false,"_seopress_robots_primary_cat":"","_seopress_titles_title":"Get involved at the sugar shack | Mus\u00e9oparc Vanier","_seopress_titles_desc":"Join the sweet adventure at Mus\u00e9oparc Vanier! Become a volunteer at the sugar shack in Ottawa. Be part of the team! Sign up now!","_seopress_robots_index":"","site-sidebar-layout":"no-sidebar","site-content-layout":"","ast-site-content-layout":"full-width-container","site-content-style":"default","site-sidebar-style":"default","ast-global-header-display":"","ast-banner-title-visibility":"","ast-main-header-display":"","ast-hfb-above-header-display":"","ast-hfb-below-header-display":"","ast-hfb-mobile-header-display":"","site-post-title":"disabled","ast-breadcrumbs-content":"","ast-featured-img":"disabled","footer-sml-layout":"","ast-disable-related-posts":"","theme-transparent-header-meta":"default","adv-header-id-meta":"","stick-header-meta":"","header-above-stick-meta":"","header-main-stick-meta":"","header-below-stick-meta":"","astra-migrate-meta-layouts":"set","ast-page-background-enabled":"default","ast-page-background-meta":{"desktop":{"background-color":"var(--ast-global-color-4)","background-image":"","background-repeat":"repeat","background-position":"center center","background-size":"auto","background-attachment":"scroll","background-type":"","background-media":"","overlay-type":"","overlay-color":"","overlay-opacity":"","overlay-gradient":""},"tablet":{"background-color":"","background-image":"","background-repeat":"repeat","background-position":"center center","background-size":"auto","background-attachment":"scroll","background-type":"","background-media":"","overlay-type":"","overlay-color":"","overlay-opacity":"","overlay-gradient":""},"mobile":{"background-color":"","background-image":"","background-repeat":"repeat","background-position":"center center","background-size":"auto","background-attachment":"scroll","background-type":"","background-media":"","overlay-type":"","overlay-color":"","overlay-opacity":"","overlay-gradient":""}},"ast-content-background-meta":{"desktop":{"background-color":"var(--ast-global-color-5)","background-image":"","background-repeat":"repeat","background-position":"center center","background-size":"auto","background-attachment":"scroll","background-type":"","background-media":"","overlay-type":"","overlay-color":"","overlay-opacity":"","overlay-gradient":""},"tablet":{"background-color":"var(--ast-global-color-5)","background-image":"","background-repeat":"repeat","background-position":"center center","background-size":"auto","background-attachment":"scroll","background-type":"","background-media":"","overlay-type":"","overlay-color":"","overlay-opacity":"","overlay-gradient":""},"mobile":{"background-color":"var(--ast-global-color-5)","background-image":"","background-repeat":"repeat","background-position":"center center","background-size":"auto","background-attachment":"scroll","background-type":"","background-media":"","overlay-type":"","overlay-color":"","overlay-opacity":"","overlay-gradient":""}},"footnotes":""},"expositions-passees":[],"class_list":["post-7699","page","type-page","status-publish","hentry"],"acf":[],"_links":{"self":[{"href":"https:\/\/museoparc.ca\/en\/wp-json\/wp\/v2\/pages\/7699","targetHints":{"allow":["GET"]}}],"collection":[{"href":"https:\/\/museoparc.ca\/en\/wp-json\/wp\/v2\/pages"}],"about":[{"href":"https:\/\/museoparc.ca\/en\/wp-json\/wp\/v2\/types\/page"}],"author":[{"embeddable":true,"href":"https:\/\/museoparc.ca\/en\/wp-json\/wp\/v2\/users\/3"}],"replies":[{"embeddable":true,"href":"https:\/\/museoparc.ca\/en\/wp-json\/wp\/v2\/comments?post=7699"}],"version-history":[{"count":27,"href":"https:\/\/museoparc.ca\/en\/wp-json\/wp\/v2\/pages\/7699\/revisions"}],"predecessor-version":[{"id":12519,"href":"https:\/\/museoparc.ca\/en\/wp-json\/wp\/v2\/pages\/7699\/revisions\/12519"}],"up":[{"embeddable":true,"href":"https:\/\/museoparc.ca\/en\/wp-json\/wp\/v2\/pages\/7682"}],"wp:attachment":[{"href":"https:\/\/museoparc.ca\/en\/wp-json\/wp\/v2\/media?parent=7699"}],"wp:term":[{"taxonomy":"expositions-passees","embeddable":true,"href":"https:\/\/museoparc.ca\/en\/wp-json\/wp\/v2\/expositions-passees?post=7699"}],"curies":[{"name":"wp","href":"https:\/\/api.w.org\/{rel}","templated":true}]}}