{"id":7637,"date":"2025-04-27T17:06:51","date_gmt":"2025-04-27T21:06:51","guid":{"rendered":"https:\/\/museoparc.ca\/?page_id=7637"},"modified":"2025-06-24T16:08:49","modified_gmt":"2025-06-24T20:08:49","slug":"vanier-museoparks-10th-anniversary","status":"publish","type":"page","link":"https:\/\/museoparc.ca\/en\/museum\/past-exhibitions\/vanier-museoparks-10th-anniversary\/","title":{"rendered":"Vanier Museopark\u2019s 10th anniversary"},"content":{"rendered":"\t\t<div data-elementor-type=\"wp-page\" data-elementor-id=\"7637\" class=\"elementor elementor-7637 elementor-2300\" data-elementor-post-type=\"page\">\n\t\t\t\t<div class=\"elementor-element elementor-element-a86c628 e-flex e-con-boxed e-con e-parent\" data-id=\"a86c628\" data-element_type=\"container\" data-e-type=\"container\">\n\t\t\t\t\t<div class=\"e-con-inner\">\n\t\t<div class=\"elementor-element elementor-element-8bd1056 e-con-full e-flex e-con e-child\" data-id=\"8bd1056\" data-element_type=\"container\" data-e-type=\"container\">\n\t\t\t\t<div class=\"elementor-element elementor-element-f5b44da h2 elementor-widget__width-inherit elementor-widget elementor-widget-heading\" data-id=\"f5b44da\" data-element_type=\"widget\" data-e-type=\"widget\" data-widget_type=\"heading.default\">\n\t\t\t\t<div class=\"elementor-widget-container\">\n\t\t\t\t\t<h1 class=\"elementor-heading-title elementor-size-default\">Vanier Museopark\u2019s 10th anniversary<\/h1>\t\t\t\t<\/div>\n\t\t\t\t<\/div>\n\t\t\t\t<div class=\"elementor-element elementor-element-1f51de7 h2 elementor-widget__width-inherit elementor-widget elementor-widget-heading\" data-id=\"1f51de7\" data-element_type=\"widget\" data-e-type=\"widget\" data-widget_type=\"heading.default\">\n\t\t\t\t<div class=\"elementor-widget-container\">\n\t\t\t\t\t<p class=\"elementor-heading-title elementor-size-default\">2016<\/p>\t\t\t\t<\/div>\n\t\t\t\t<\/div>\n\t\t<div class=\"elementor-element elementor-element-216a18b e-con-full e-flex e-con e-child\" data-id=\"216a18b\" data-element_type=\"container\" data-e-type=\"container\">\n\t\t\t\t<div class=\"elementor-element elementor-element-2e1775f elementor-widget__width-initial elementor-widget elementor-widget-text-editor\" data-id=\"2e1775f\" data-element_type=\"widget\" data-e-type=\"widget\" data-widget_type=\"text-editor.default\">\n\t\t\t\t<div class=\"elementor-widget-container\">\n\t\t\t\t\t\t\t\t\t<p>The Vanier Museopark is born of a long-lasting dream. Action Vanier, which brought together various neighborhood organizations, set up a committee to create the Vanier Museum. The first meeting took place at Action Vanier&#8217;s sugar shack in 2002. It brought together people from Vanier, including former mayors and councilors involved in the community and concerned about preserving the heritage of the ancient city of Vanier. newly merged with the larger city of Ottawa.<\/p><p>The group, chaired by Raymond Hotte, receives a grant of $ 250,000 from surpluses accumulated by the city of Vanier before the merger with Ottawa. Despite threats of cuts hanging over the community museums of the City of Ottawa, the Vanier Museum Committee, later renamed the Vanier Museopark, will renovate the second floor of the Richelieu-Vanier Center to local.<br \/>The Vanier Museum&#8217;s committee includes Diane Dor\u00e9 (former councilor), Robert Cr\u00eate (former councilor), Guy Cousineau (former mayor), Gilles Ladouceur, Jean Durocher, Roger Cr\u00e8te (former mayor) and Gis\u00e8le Lalonde (former mayor) , Ginette Gratton and Irene Franklin.<\/p><p>With financial support from the Vanier Heritage Fund, along with a contribution from the Trillium Foundation and the federal government, the Vanier Museopark unveiled its visual identity in April 2005. On October 11, 2006, the Vanier Museopark officially launches its first permanent exhibition entitled &#8220;Vanier-sur-l&#8217;Outaouais, today for tomorrow&#8221;, 10 years ago.<\/p><p>In addition to preserving the heritage of the ancient city of Vanier, Ottawa&#8217;s Francophonie and Richelieu Park, the Vanier Museopark is the first and only Francophone museum in Ottawa.<br \/>The founding idea of the Vanier Museopark stems from the intense desire of some long-time citizens of the ancient city of Vanier to preserve the heritage of a municipality that was long considered one of the bastions of Ontario&#8217;s Francophonie. This exhibition, in addition to marking the institution&#8217;s 10th anniversary, also wishes to highlight Vanier&#8217;s heritage through these hundred or so years of history.<\/p><div class=\"link-bg-green\" style=\"display: inline-block; position: relative;\"><strong><a href=\"http:\/\/museoparc.ca\/wp-content\/uploads\/2018\/11\/Panneau_AxeDuTemps10eMVM.jpg\" target=\"_blank\" rel=\"noopener\">Panel &#8211; Axis of Time &#8211; 10th Anniversary<\/a><\/strong><\/div><div>\u00a0<\/div><div class=\"link-bg-green\" style=\"display: inline-block; position: relative;\"><strong><a href=\"https:\/\/museoparc.ca\/musee\/\" target=\"_blank\" rel=\"noopener\">Toutes les expositions<\/a><\/strong><\/div><div>\u00a0<\/div>\t\t\t\t\t\t\t\t<\/div>\n\t\t\t\t<\/div>\n\t\t\t\t<div class=\"elementor-element elementor-element-01325e1 elementor-widget__width-initial elementor-widget elementor-widget-image\" data-id=\"01325e1\" data-element_type=\"widget\" data-e-type=\"widget\" data-widget_type=\"image.default\">\n\t\t\t\t<div class=\"elementor-widget-container\">\n\t\t\t\t\t\t\t\t\t\t\t\t\t\t\t<img alt=\"\" fetchpriority=\"high\" decoding=\"async\" width=\"1024\" height=\"341\" src=\"https:\/\/museoparc.ca\/wp-content\/uploads\/2025\/04\/axedutemps10eMVM-1024x341-1.jpg\" class=\"attachment-large size-large wp-image-2763\" alt=\"\" srcset=\"https:\/\/museoparc.ca\/wp-content\/uploads\/2025\/04\/axedutemps10eMVM-1024x341-1.jpg 1024w, https:\/\/museoparc.ca\/wp-content\/uploads\/2025\/04\/axedutemps10eMVM-1024x341-1-300x100.jpg 300w, https:\/\/museoparc.ca\/wp-content\/uploads\/2025\/04\/axedutemps10eMVM-1024x341-1-768x256.jpg 768w\" sizes=\"(max-width: 1024px) 100vw, 1024px\" \/>\t\t\t\t\t\t\t\t\t\t\t\t\t\t\t<\/div>\n\t\t\t\t<\/div>\n\t\t\t\t<\/div>\n\t\t\t\t<\/div>\n\t\t\t\t\t<\/div>\n\t\t\t\t<\/div>\n\t\t<div class=\"elementor-element elementor-element-e224991 e-flex e-con-boxed e-con e-parent\" data-id=\"e224991\" data-element_type=\"container\" data-e-type=\"container\">\n\t\t\t\t\t<div class=\"e-con-inner\">\n\t\t\t\t<div class=\"elementor-element elementor-element-39eacbb auto-width elementor-arrows-position-inside elementor-pagination-position-outside elementor-widget elementor-widget-image-carousel\" data-id=\"39eacbb\" data-element_type=\"widget\" data-e-type=\"widget\" data-settings=\"{&quot;slides_to_show&quot;:&quot;2&quot;,&quot;image_spacing_custom&quot;:{&quot;unit&quot;:&quot;px&quot;,&quot;size&quot;:35,&quot;sizes&quot;:[]},&quot;autoplay_speed&quot;:50000,&quot;navigation&quot;:&quot;both&quot;,&quot;autoplay&quot;:&quot;yes&quot;,&quot;pause_on_hover&quot;:&quot;yes&quot;,&quot;pause_on_interaction&quot;:&quot;yes&quot;,&quot;infinite&quot;:&quot;yes&quot;,&quot;speed&quot;:500,&quot;image_spacing_custom_laptop&quot;:{&quot;unit&quot;:&quot;px&quot;,&quot;size&quot;:&quot;&quot;,&quot;sizes&quot;:[]},&quot;image_spacing_custom_tablet&quot;:{&quot;unit&quot;:&quot;px&quot;,&quot;size&quot;:&quot;&quot;,&quot;sizes&quot;:[]},&quot;image_spacing_custom_mobile&quot;:{&quot;unit&quot;:&quot;px&quot;,&quot;size&quot;:&quot;&quot;,&quot;sizes&quot;:[]}}\" data-widget_type=\"image-carousel.default\">\n\t\t\t\t<div class=\"elementor-widget-container\">\n\t\t\t\t\t\t\t<div class=\"elementor-image-carousel-wrapper swiper\" role=\"region\" aria-roledescription=\"carousel\" aria-label=\"Image Carousel\" dir=\"ltr\">\n\t\t\t<div class=\"elementor-image-carousel swiper-wrapper swiper-image-stretch\" aria-live=\"off\">\n\t\t\t\t\t\t\t\t<div class=\"swiper-slide\" role=\"group\" aria-roledescription=\"slide\" aria-label=\"1 of 11\"><a data-elementor-open-lightbox=\"yes\" data-elementor-lightbox-slideshow=\"39eacbb\" data-elementor-lightbox-title=\"panneau9-1\" data-e-action-hash=\"#elementor-action%3Aaction%3Dlightbox%26settings%3DeyJpZCI6MjYwNywidXJsIjoiaHR0cHM6XC9cL211c2VvcGFyYy5jYVwvd3AtY29udGVudFwvdXBsb2Fkc1wvMjAyNVwvMDRcL3Bhbm5lYXU5LTEuanBnIiwic2xpZGVzaG93IjoiMzllYWNiYiJ9\" href=\"https:\/\/museoparc.ca\/wp-content\/uploads\/2025\/04\/panneau9-1.jpg\"><figure class=\"swiper-slide-inner\"><img decoding=\"async\" class=\"swiper-slide-image\" src=\"https:\/\/museoparc.ca\/wp-content\/uploads\/2025\/04\/panneau9-1.jpg\" alt=\"panneau9-1\" \/><\/figure><\/a><\/div><div class=\"swiper-slide\" role=\"group\" aria-roledescription=\"slide\" aria-label=\"2 of 11\"><a data-elementor-open-lightbox=\"yes\" data-elementor-lightbox-slideshow=\"39eacbb\" data-elementor-lightbox-title=\"panneau10-1\" data-e-action-hash=\"#elementor-action%3Aaction%3Dlightbox%26settings%3DeyJpZCI6MjYwOSwidXJsIjoiaHR0cHM6XC9cL211c2VvcGFyYy5jYVwvd3AtY29udGVudFwvdXBsb2Fkc1wvMjAyNVwvMDRcL3Bhbm5lYXUxMC0xLmpwZyIsInNsaWRlc2hvdyI6IjM5ZWFjYmIifQ%3D%3D\" href=\"https:\/\/museoparc.ca\/wp-content\/uploads\/2025\/04\/panneau10-1.jpg\"><figure class=\"swiper-slide-inner\"><img decoding=\"async\" class=\"swiper-slide-image\" src=\"https:\/\/museoparc.ca\/wp-content\/uploads\/2025\/04\/panneau10-1.jpg\" alt=\"panneau10-1\" \/><\/figure><\/a><\/div><div class=\"swiper-slide\" role=\"group\" aria-roledescription=\"slide\" aria-label=\"3 of 11\"><a data-elementor-open-lightbox=\"yes\" data-elementor-lightbox-slideshow=\"39eacbb\" data-elementor-lightbox-title=\"panneau8-1\" data-e-action-hash=\"#elementor-action%3Aaction%3Dlightbox%26settings%3DeyJpZCI6MjYwNSwidXJsIjoiaHR0cHM6XC9cL211c2VvcGFyYy5jYVwvd3AtY29udGVudFwvdXBsb2Fkc1wvMjAyNVwvMDRcL3Bhbm5lYXU4LTEuanBnIiwic2xpZGVzaG93IjoiMzllYWNiYiJ9\" href=\"https:\/\/museoparc.ca\/wp-content\/uploads\/2025\/04\/panneau8-1.jpg\"><figure class=\"swiper-slide-inner\"><img decoding=\"async\" class=\"swiper-slide-image\" src=\"https:\/\/museoparc.ca\/wp-content\/uploads\/2025\/04\/panneau8-1.jpg\" alt=\"panneau8-1\" \/><\/figure><\/a><\/div><div class=\"swiper-slide\" role=\"group\" aria-roledescription=\"slide\" aria-label=\"4 of 11\"><a data-elementor-open-lightbox=\"yes\" data-elementor-lightbox-slideshow=\"39eacbb\" data-elementor-lightbox-title=\"panneau7-1\" data-e-action-hash=\"#elementor-action%3Aaction%3Dlightbox%26settings%3DeyJpZCI6MjYwMywidXJsIjoiaHR0cHM6XC9cL211c2VvcGFyYy5jYVwvd3AtY29udGVudFwvdXBsb2Fkc1wvMjAyNVwvMDRcL3Bhbm5lYXU3LTEuanBnIiwic2xpZGVzaG93IjoiMzllYWNiYiJ9\" href=\"https:\/\/museoparc.ca\/wp-content\/uploads\/2025\/04\/panneau7-1.jpg\"><figure class=\"swiper-slide-inner\"><img decoding=\"async\" class=\"swiper-slide-image\" src=\"https:\/\/museoparc.ca\/wp-content\/uploads\/2025\/04\/panneau7-1.jpg\" alt=\"panneau7-1\" \/><\/figure><\/a><\/div><div class=\"swiper-slide\" role=\"group\" aria-roledescription=\"slide\" aria-label=\"5 of 11\"><a data-elementor-open-lightbox=\"yes\" data-elementor-lightbox-slideshow=\"39eacbb\" data-elementor-lightbox-title=\"panneau6-1\" data-e-action-hash=\"#elementor-action%3Aaction%3Dlightbox%26settings%3DeyJpZCI6MjYwMSwidXJsIjoiaHR0cHM6XC9cL211c2VvcGFyYy5jYVwvd3AtY29udGVudFwvdXBsb2Fkc1wvMjAyNVwvMDRcL3Bhbm5lYXU2LTEuanBnIiwic2xpZGVzaG93IjoiMzllYWNiYiJ9\" href=\"https:\/\/museoparc.ca\/wp-content\/uploads\/2025\/04\/panneau6-1.jpg\"><figure class=\"swiper-slide-inner\"><img decoding=\"async\" class=\"swiper-slide-image\" src=\"https:\/\/museoparc.ca\/wp-content\/uploads\/2025\/04\/panneau6-1.jpg\" alt=\"panneau6-1\" \/><\/figure><\/a><\/div><div class=\"swiper-slide\" role=\"group\" aria-roledescription=\"slide\" aria-label=\"6 of 11\"><a data-elementor-open-lightbox=\"yes\" data-elementor-lightbox-slideshow=\"39eacbb\" data-elementor-lightbox-title=\"panneau5-1\" data-e-action-hash=\"#elementor-action%3Aaction%3Dlightbox%26settings%3DeyJpZCI6MjU5OSwidXJsIjoiaHR0cHM6XC9cL211c2VvcGFyYy5jYVwvd3AtY29udGVudFwvdXBsb2Fkc1wvMjAyNVwvMDRcL3Bhbm5lYXU1LTEuanBnIiwic2xpZGVzaG93IjoiMzllYWNiYiJ9\" href=\"https:\/\/museoparc.ca\/wp-content\/uploads\/2025\/04\/panneau5-1.jpg\"><figure class=\"swiper-slide-inner\"><img decoding=\"async\" class=\"swiper-slide-image\" src=\"https:\/\/museoparc.ca\/wp-content\/uploads\/2025\/04\/panneau5-1.jpg\" alt=\"panneau5-1\" \/><\/figure><\/a><\/div><div class=\"swiper-slide\" role=\"group\" aria-roledescription=\"slide\" aria-label=\"7 of 11\"><a data-elementor-open-lightbox=\"yes\" data-elementor-lightbox-slideshow=\"39eacbb\" data-elementor-lightbox-title=\"panneau4-1\" data-e-action-hash=\"#elementor-action%3Aaction%3Dlightbox%26settings%3DeyJpZCI6MjU5NywidXJsIjoiaHR0cHM6XC9cL211c2VvcGFyYy5jYVwvd3AtY29udGVudFwvdXBsb2Fkc1wvMjAyNVwvMDRcL3Bhbm5lYXU0LTEuanBnIiwic2xpZGVzaG93IjoiMzllYWNiYiJ9\" href=\"https:\/\/museoparc.ca\/wp-content\/uploads\/2025\/04\/panneau4-1.jpg\"><figure class=\"swiper-slide-inner\"><img decoding=\"async\" class=\"swiper-slide-image\" src=\"https:\/\/museoparc.ca\/wp-content\/uploads\/2025\/04\/panneau4-1.jpg\" alt=\"panneau4-1\" \/><\/figure><\/a><\/div><div class=\"swiper-slide\" role=\"group\" aria-roledescription=\"slide\" aria-label=\"8 of 11\"><a data-elementor-open-lightbox=\"yes\" data-elementor-lightbox-slideshow=\"39eacbb\" data-elementor-lightbox-title=\"panneau3-1\" data-e-action-hash=\"#elementor-action%3Aaction%3Dlightbox%26settings%3DeyJpZCI6MjU5NSwidXJsIjoiaHR0cHM6XC9cL211c2VvcGFyYy5jYVwvd3AtY29udGVudFwvdXBsb2Fkc1wvMjAyNVwvMDRcL3Bhbm5lYXUzLTEuanBnIiwic2xpZGVzaG93IjoiMzllYWNiYiJ9\" href=\"https:\/\/museoparc.ca\/wp-content\/uploads\/2025\/04\/panneau3-1.jpg\"><figure class=\"swiper-slide-inner\"><img decoding=\"async\" class=\"swiper-slide-image\" src=\"https:\/\/museoparc.ca\/wp-content\/uploads\/2025\/04\/panneau3-1.jpg\" alt=\"panneau3-1\" \/><\/figure><\/a><\/div><div class=\"swiper-slide\" role=\"group\" aria-roledescription=\"slide\" aria-label=\"9 of 11\"><a data-elementor-open-lightbox=\"yes\" data-elementor-lightbox-slideshow=\"39eacbb\" data-elementor-lightbox-title=\"panneau2-1\" data-e-action-hash=\"#elementor-action%3Aaction%3Dlightbox%26settings%3DeyJpZCI6MjU5MywidXJsIjoiaHR0cHM6XC9cL211c2VvcGFyYy5jYVwvd3AtY29udGVudFwvdXBsb2Fkc1wvMjAyNVwvMDRcL3Bhbm5lYXUyLTEuanBnIiwic2xpZGVzaG93IjoiMzllYWNiYiJ9\" href=\"https:\/\/museoparc.ca\/wp-content\/uploads\/2025\/04\/panneau2-1.jpg\"><figure class=\"swiper-slide-inner\"><img decoding=\"async\" class=\"swiper-slide-image\" src=\"https:\/\/museoparc.ca\/wp-content\/uploads\/2025\/04\/panneau2-1.jpg\" alt=\"panneau2-1\" \/><\/figure><\/a><\/div><div class=\"swiper-slide\" role=\"group\" aria-roledescription=\"slide\" aria-label=\"10 of 11\"><a data-elementor-open-lightbox=\"yes\" data-elementor-lightbox-slideshow=\"39eacbb\" data-elementor-lightbox-title=\"panneau1-1\" data-e-action-hash=\"#elementor-action%3Aaction%3Dlightbox%26settings%3DeyJpZCI6MjU5MSwidXJsIjoiaHR0cHM6XC9cL211c2VvcGFyYy5jYVwvd3AtY29udGVudFwvdXBsb2Fkc1wvMjAyNVwvMDRcL3Bhbm5lYXUxLTEuanBnIiwic2xpZGVzaG93IjoiMzllYWNiYiJ9\" href=\"https:\/\/museoparc.ca\/wp-content\/uploads\/2025\/04\/panneau1-1.jpg\"><figure class=\"swiper-slide-inner\"><img decoding=\"async\" class=\"swiper-slide-image\" src=\"https:\/\/museoparc.ca\/wp-content\/uploads\/2025\/04\/panneau1-1.jpg\" alt=\"panneau1-1\" \/><\/figure><\/a><\/div><div class=\"swiper-slide\" role=\"group\" aria-roledescription=\"slide\" aria-label=\"11 of 11\"><a data-elementor-open-lightbox=\"yes\" data-elementor-lightbox-slideshow=\"39eacbb\" data-elementor-lightbox-title=\"intro2\" data-e-action-hash=\"#elementor-action%3Aaction%3Dlightbox%26settings%3DeyJpZCI6MjU4OSwidXJsIjoiaHR0cHM6XC9cL211c2VvcGFyYy5jYVwvd3AtY29udGVudFwvdXBsb2Fkc1wvMjAyNVwvMDRcL2ludHJvMi5qcGciLCJzbGlkZXNob3ciOiIzOWVhY2JiIn0%3D\" href=\"https:\/\/museoparc.ca\/wp-content\/uploads\/2025\/04\/intro2.jpg\"><figure class=\"swiper-slide-inner\"><img decoding=\"async\" class=\"swiper-slide-image\" src=\"https:\/\/museoparc.ca\/wp-content\/uploads\/2025\/04\/intro2.jpg\" alt=\"intro2\" \/><\/figure><\/a><\/div>\t\t\t<\/div>\n\t\t\t\t\t\t\t\t\t\t\t\t<div class=\"elementor-swiper-button elementor-swiper-button-prev\" role=\"button\" tabindex=\"0\">\n\t\t\t\t\t\t<i aria-hidden=\"true\" class=\"eicon-chevron-left\"><\/i>\t\t\t\t\t<\/div>\n\t\t\t\t\t<div class=\"elementor-swiper-button elementor-swiper-button-next\" role=\"button\" tabindex=\"0\">\n\t\t\t\t\t\t<i aria-hidden=\"true\" class=\"eicon-chevron-right\"><\/i>\t\t\t\t\t<\/div>\n\t\t\t\t\n\t\t\t\t\t\t\t\t\t<div class=\"swiper-pagination\"><\/div>\n\t\t\t\t\t\t\t\t\t<\/div>\n\t\t\t\t\t\t<\/div>\n\t\t\t\t<\/div>\n\t\t\t\t\t<\/div>\n\t\t\t\t<\/div>\n\t\t\t\t<\/div>\n\t\t","protected":false},"excerpt":{"rendered":"<p>The Vanier Museopark is born of a long-lasting dream. Action Vanier, which brought together various neighborhood organizations, set up a [&hellip;]<\/p>\n","protected":false},"author":3,"featured_media":6308,"parent":7936,"menu_order":13,"comment_status":"closed","ping_status":"closed","template":"elementor_header_footer","meta":{"_acf_changed":false,"_seopress_robots_primary_cat":"","_seopress_titles_title":"","_seopress_titles_desc":"","_seopress_robots_index":"","site-sidebar-layout":"no-sidebar","site-content-layout":"","ast-site-content-layout":"full-width-container","site-content-style":"default","site-sidebar-style":"default","ast-global-header-display":"","ast-banner-title-visibility":"","ast-main-header-display":"","ast-hfb-above-header-display":"","ast-hfb-below-header-display":"","ast-hfb-mobile-header-display":"","site-post-title":"disabled","ast-breadcrumbs-content":"","ast-featured-img":"disabled","footer-sml-layout":"","ast-disable-related-posts":"","theme-transparent-header-meta":"default","adv-header-id-meta":"","stick-header-meta":"","header-above-stick-meta":"","header-main-stick-meta":"","header-below-stick-meta":"","astra-migrate-meta-layouts":"set","ast-page-background-enabled":"default","ast-page-background-meta":{"desktop":{"background-color":"var(--ast-global-color-4)","background-image":"","background-repeat":"repeat","background-position":"center center","background-size":"auto","background-attachment":"scroll","background-type":"","background-media":"","overlay-type":"","overlay-color":"","overlay-opacity":"","overlay-gradient":""},"tablet":{"background-color":"","background-image":"","background-repeat":"repeat","background-position":"center center","background-size":"auto","background-attachment":"scroll","background-type":"","background-media":"","overlay-type":"","overlay-color":"","overlay-opacity":"","overlay-gradient":""},"mobile":{"background-color":"","background-image":"","background-repeat":"repeat","background-position":"center center","background-size":"auto","background-attachment":"scroll","background-type":"","background-media":"","overlay-type":"","overlay-color":"","overlay-opacity":"","overlay-gradient":""}},"ast-content-background-meta":{"desktop":{"background-color":"var(--ast-global-color-5)","background-image":"","background-repeat":"repeat","background-position":"center center","background-size":"auto","background-attachment":"scroll","background-type":"","background-media":"","overlay-type":"","overlay-color":"","overlay-opacity":"","overlay-gradient":""},"tablet":{"background-color":"var(--ast-global-color-5)","background-image":"","background-repeat":"repeat","background-position":"center center","background-size":"auto","background-attachment":"scroll","background-type":"","background-media":"","overlay-type":"","overlay-color":"","overlay-opacity":"","overlay-gradient":""},"mobile":{"background-color":"var(--ast-global-color-5)","background-image":"","background-repeat":"repeat","background-position":"center center","background-size":"auto","background-attachment":"scroll","background-type":"","background-media":"","overlay-type":"","overlay-color":"","overlay-opacity":"","overlay-gradient":""}},"footnotes":""},"expositions-passees":[49],"class_list":["post-7637","page","type-page","status-publish","has-post-thumbnail","hentry","expositions-passees-yes"],"acf":[],"_links":{"self":[{"href":"https:\/\/museoparc.ca\/en\/wp-json\/wp\/v2\/pages\/7637","targetHints":{"allow":["GET"]}}],"collection":[{"href":"https:\/\/museoparc.ca\/en\/wp-json\/wp\/v2\/pages"}],"about":[{"href":"https:\/\/museoparc.ca\/en\/wp-json\/wp\/v2\/types\/page"}],"author":[{"embeddable":true,"href":"https:\/\/museoparc.ca\/en\/wp-json\/wp\/v2\/users\/3"}],"replies":[{"embeddable":true,"href":"https:\/\/museoparc.ca\/en\/wp-json\/wp\/v2\/comments?post=7637"}],"version-history":[{"count":4,"href":"https:\/\/museoparc.ca\/en\/wp-json\/wp\/v2\/pages\/7637\/revisions"}],"predecessor-version":[{"id":8094,"href":"https:\/\/museoparc.ca\/en\/wp-json\/wp\/v2\/pages\/7637\/revisions\/8094"}],"up":[{"embeddable":true,"href":"https:\/\/museoparc.ca\/en\/wp-json\/wp\/v2\/pages\/7936"}],"wp:featuredmedia":[{"embeddable":true,"href":"https:\/\/museoparc.ca\/en\/wp-json\/wp\/v2\/media\/6308"}],"wp:attachment":[{"href":"https:\/\/museoparc.ca\/en\/wp-json\/wp\/v2\/media?parent=7637"}],"wp:term":[{"taxonomy":"expositions-passees","embeddable":true,"href":"https:\/\/museoparc.ca\/en\/wp-json\/wp\/v2\/expositions-passees?post=7637"}],"curies":[{"name":"wp","href":"https:\/\/api.w.org\/{rel}","templated":true}]}}