{"id":7576,"date":"2025-05-12T17:01:59","date_gmt":"2025-05-12T21:01:59","guid":{"rendered":"https:\/\/museoparc.ca\/?page_id=7576"},"modified":"2025-06-24T16:09:03","modified_gmt":"2025-06-24T20:09:03","slug":"bado-francophonie-in-broad-strokes","status":"publish","type":"page","link":"https:\/\/museoparc.ca\/en\/museum\/past-exhibitions\/bado-francophonie-in-broad-strokes\/","title":{"rendered":"BADO, Francophonie in broad strokes"},"content":{"rendered":"\t\t<div data-elementor-type=\"wp-page\" data-elementor-id=\"7576\" class=\"elementor elementor-7576 elementor-2270\" data-elementor-post-type=\"page\">\n\t\t\t\t<div class=\"elementor-element elementor-element-a11a6fb e-flex e-con-boxed e-con e-parent\" data-id=\"a11a6fb\" data-element_type=\"container\" data-e-type=\"container\">\n\t\t\t\t\t<div class=\"e-con-inner\">\n\t\t<div class=\"elementor-element elementor-element-b910683 e-con-full e-flex e-con e-child\" data-id=\"b910683\" data-element_type=\"container\" data-e-type=\"container\">\n\t\t<div class=\"elementor-element elementor-element-0da26fc e-con-full e-flex e-con e-child\" data-id=\"0da26fc\" data-element_type=\"container\" data-e-type=\"container\">\n\t\t\t\t<div class=\"elementor-element elementor-element-ae9b6d6 h2 elementor-widget__width-inherit elementor-widget elementor-widget-heading\" data-id=\"ae9b6d6\" data-element_type=\"widget\" data-e-type=\"widget\" data-widget_type=\"heading.default\">\n\t\t\t\t<div class=\"elementor-widget-container\">\n\t\t\t\t\t<h1 class=\"elementor-heading-title elementor-size-default\">BADO, Francophonie in broad strokes<\/h1>\t\t\t\t<\/div>\n\t\t\t\t<\/div>\n\t\t\t\t<div class=\"elementor-element elementor-element-3da4d13 h2 elementor-widget__width-inherit elementor-widget elementor-widget-heading\" data-id=\"3da4d13\" data-element_type=\"widget\" data-e-type=\"widget\" data-widget_type=\"heading.default\">\n\t\t\t\t<div class=\"elementor-widget-container\">\n\t\t\t\t\t<p class=\"elementor-heading-title elementor-size-default\">2019<\/p>\t\t\t\t<\/div>\n\t\t\t\t<\/div>\n\t\t\t\t<\/div>\n\t\t<div class=\"elementor-element elementor-element-6057dae e-con-full e-flex e-con e-child\" data-id=\"6057dae\" data-element_type=\"container\" data-e-type=\"container\">\n\t\t<div class=\"elementor-element elementor-element-91b77a0 e-con-full e-flex e-con e-child\" data-id=\"91b77a0\" data-element_type=\"container\" data-e-type=\"container\">\n\t\t<div class=\"elementor-element elementor-element-0d53538 e-con-full e-flex e-con e-child\" data-id=\"0d53538\" data-element_type=\"container\" data-e-type=\"container\">\n\t\t\t\t<div class=\"elementor-element elementor-element-cd25a60 elementor-widget__width-initial elementor-widget elementor-widget-text-editor\" data-id=\"cd25a60\" data-element_type=\"widget\" data-e-type=\"widget\" data-widget_type=\"text-editor.default\">\n\t\t\t\t<div class=\"elementor-widget-container\">\n\t\t\t\t\t\t\t\t\t<p><b>Click on the picture to watch the exhibition\u2019s video<\/b><\/p><p><span style=\"font-weight: 400;\">\u00a0This temporary exhibit retraces almost 40 years of editorial cartoons featured in the Ottawa newspaper, Le Droit &#8211; The famous cartoonist BADO\u2019s take on francophone news relating to Vanier as well as various francophone organisations and institutions across Ottawa, Ontario and Canada.<\/span><\/p>\t\t\t\t\t\t\t\t<\/div>\n\t\t\t\t<\/div>\n\t\t\t\t<div class=\"elementor-element elementor-element-00b3e44 elementor-widget elementor-widget-video\" data-id=\"00b3e44\" data-element_type=\"widget\" data-e-type=\"widget\" data-settings=\"{&quot;youtube_url&quot;:&quot;https:\\\/\\\/youtu.be\\\/gtNzFaPYgZA&quot;,&quot;video_type&quot;:&quot;youtube&quot;,&quot;controls&quot;:&quot;yes&quot;}\" data-widget_type=\"video.default\">\n\t\t\t\t<div class=\"elementor-widget-container\">\n\t\t\t\t\t\t\t<div class=\"elementor-wrapper elementor-open-inline\">\n\t\t\t<div class=\"elementor-video\"><\/div>\t\t<\/div>\n\t\t\t\t\t\t<\/div>\n\t\t\t\t<\/div>\n\t\t\t\t<div class=\"elementor-element elementor-element-a35d47d link-bg-green elementor-widget elementor-widget-button\" data-id=\"a35d47d\" data-element_type=\"widget\" data-e-type=\"widget\" data-widget_type=\"button.default\">\n\t\t\t\t<div class=\"elementor-widget-container\">\n\t\t\t\t\t\t\t\t\t<div class=\"elementor-button-wrapper\">\n\t\t\t\t\t<a class=\"elementor-button elementor-button-link elementor-size-sm\" href=\"https:\/\/museoparc.ca\/musee\/\">\n\t\t\t\t\t\t<span class=\"elementor-button-content-wrapper\">\n\t\t\t\t\t\t\t\t\t<span class=\"elementor-button-text\">All exhibitions<\/span>\n\t\t\t\t\t<\/span>\n\t\t\t\t\t<\/a>\n\t\t\t\t<\/div>\n\t\t\t\t\t\t\t\t<\/div>\n\t\t\t\t<\/div>\n\t\t\t\t<\/div>\n\t\t<div class=\"elementor-element elementor-element-8030d04 e-con-full e-flex e-con e-child\" data-id=\"8030d04\" data-element_type=\"container\" data-e-type=\"container\">\n\t\t\t\t<div class=\"elementor-element elementor-element-eb4fe48 elementor-widget__width-initial elementor-widget elementor-widget-image\" data-id=\"eb4fe48\" data-element_type=\"widget\" data-e-type=\"widget\" data-widget_type=\"image.default\">\n\t\t\t\t<div class=\"elementor-widget-container\">\n\t\t\t\t\t\t\t\t\t\t\t\t\t\t\t<img alt=\"\" fetchpriority=\"high\" decoding=\"async\" width=\"858\" height=\"1000\" src=\"https:\/\/museoparc.ca\/wp-content\/uploads\/2025\/04\/3-autoportrait-2.jpg\" class=\"attachment-large size-large wp-image-2329\" alt=\"\" srcset=\"https:\/\/museoparc.ca\/wp-content\/uploads\/2025\/04\/3-autoportrait-2.jpg 858w, https:\/\/museoparc.ca\/wp-content\/uploads\/2025\/04\/3-autoportrait-2-257x300.jpg 257w, https:\/\/museoparc.ca\/wp-content\/uploads\/2025\/04\/3-autoportrait-2-768x895.jpg 768w\" sizes=\"(max-width: 858px) 100vw, 858px\" \/>\t\t\t\t\t\t\t\t\t\t\t\t\t\t\t<\/div>\n\t\t\t\t<\/div>\n\t\t\t\t<\/div>\n\t\t\t\t<\/div>\n\t\t\t\t<\/div>\n\t\t\t\t<\/div>\n\t\t\t\t\t<\/div>\n\t\t\t\t<\/div>\n\t\t<div class=\"elementor-element elementor-element-36b62a3 e-flex e-con-boxed e-con e-parent\" data-id=\"36b62a3\" data-element_type=\"container\" data-e-type=\"container\">\n\t\t\t\t\t<div class=\"e-con-inner\">\n\t\t\t\t<div class=\"elementor-element elementor-element-1cc5166 auto-width elementor-arrows-position-inside elementor-pagination-position-outside elementor-widget elementor-widget-image-carousel\" data-id=\"1cc5166\" data-element_type=\"widget\" data-e-type=\"widget\" data-settings=\"{&quot;slides_to_show&quot;:&quot;2&quot;,&quot;image_spacing_custom&quot;:{&quot;unit&quot;:&quot;px&quot;,&quot;size&quot;:35,&quot;sizes&quot;:[]},&quot;autoplay_speed&quot;:50000,&quot;navigation&quot;:&quot;both&quot;,&quot;autoplay&quot;:&quot;yes&quot;,&quot;pause_on_hover&quot;:&quot;yes&quot;,&quot;pause_on_interaction&quot;:&quot;yes&quot;,&quot;infinite&quot;:&quot;yes&quot;,&quot;speed&quot;:500,&quot;image_spacing_custom_laptop&quot;:{&quot;unit&quot;:&quot;px&quot;,&quot;size&quot;:&quot;&quot;,&quot;sizes&quot;:[]},&quot;image_spacing_custom_tablet&quot;:{&quot;unit&quot;:&quot;px&quot;,&quot;size&quot;:&quot;&quot;,&quot;sizes&quot;:[]},&quot;image_spacing_custom_mobile&quot;:{&quot;unit&quot;:&quot;px&quot;,&quot;size&quot;:&quot;&quot;,&quot;sizes&quot;:[]}}\" data-widget_type=\"image-carousel.default\">\n\t\t\t\t<div class=\"elementor-widget-container\">\n\t\t\t\t\t\t\t<div class=\"elementor-image-carousel-wrapper swiper\" role=\"region\" aria-roledescription=\"carousel\" aria-label=\"Image Carousel\" dir=\"ltr\">\n\t\t\t<div class=\"elementor-image-carousel swiper-wrapper swiper-image-stretch\" aria-live=\"off\">\n\t\t\t\t\t\t\t\t<div class=\"swiper-slide\" role=\"group\" aria-roledescription=\"slide\" aria-label=\"1 of 6\"><a data-elementor-open-lightbox=\"yes\" data-elementor-lightbox-slideshow=\"1cc5166\" data-elementor-lightbox-title=\"\u00e9pingles \u00e0 chapeaux,R\u00e8glement 17\" data-e-action-hash=\"#elementor-action%3Aaction%3Dlightbox%26settings%3DeyJpZCI6MjMzOSwidXJsIjoiaHR0cHM6XC9cL211c2VvcGFyYy5jYVwvd3AtY29udGVudFwvdXBsb2Fkc1wvMjAyNVwvMDRcLzIwMTYtMDItMjMtODk4MC1lcGluZ2xlcy1yZWdsZW1lbnQtMTcuanBnIiwic2xpZGVzaG93IjoiMWNjNTE2NiJ9\" href=\"https:\/\/museoparc.ca\/wp-content\/uploads\/2025\/04\/2016-02-23-8980-epingles-reglement-17.jpg\"><figure class=\"swiper-slide-inner\"><img decoding=\"async\" class=\"swiper-slide-image\" src=\"https:\/\/museoparc.ca\/wp-content\/uploads\/2025\/04\/2016-02-23-8980-epingles-reglement-17.jpg\" alt=\"\u00e9pingles \u00e0 chapeaux,R\u00e8glement 17\" \/><\/figure><\/a><\/div><div class=\"swiper-slide\" role=\"group\" aria-roledescription=\"slide\" aria-label=\"2 of 6\"><a data-elementor-open-lightbox=\"yes\" data-elementor-lightbox-slideshow=\"1cc5166\" data-elementor-lightbox-title=\"1998-07-30 4463 Gisele Lalonde aux barricades\" data-e-action-hash=\"#elementor-action%3Aaction%3Dlightbox%26settings%3DeyJpZCI6MjMzNSwidXJsIjoiaHR0cHM6XC9cL211c2VvcGFyYy5jYVwvd3AtY29udGVudFwvdXBsb2Fkc1wvMjAyNVwvMDRcLzE5OTgtMDctMzAtNDQ2My1HaXNlbGUtTGFsb25kZS1hdXgtYmFycmljYWRlcy5qcGciLCJzbGlkZXNob3ciOiIxY2M1MTY2In0%3D\" href=\"https:\/\/museoparc.ca\/wp-content\/uploads\/2025\/04\/1998-07-30-4463-Gisele-Lalonde-aux-barricades.jpg\"><figure class=\"swiper-slide-inner\"><img decoding=\"async\" class=\"swiper-slide-image\" src=\"https:\/\/museoparc.ca\/wp-content\/uploads\/2025\/04\/1998-07-30-4463-Gisele-Lalonde-aux-barricades.jpg\" alt=\"1998-07-30 4463 Gisele Lalonde aux barricades\" \/><\/figure><\/a><\/div><div class=\"swiper-slide\" role=\"group\" aria-roledescription=\"slide\" aria-label=\"3 of 6\"><a data-elementor-open-lightbox=\"yes\" data-elementor-lightbox-slideshow=\"1cc5166\" data-elementor-lightbox-title=\"1990-02-02 2259 Sots-Ste-Marie\" data-e-action-hash=\"#elementor-action%3Aaction%3Dlightbox%26settings%3DeyJpZCI6MjMzMywidXJsIjoiaHR0cHM6XC9cL211c2VvcGFyYy5jYVwvd3AtY29udGVudFwvdXBsb2Fkc1wvMjAyNVwvMDRcLzE5OTAtMDItMDItMjI1OS1Tb3RzLVN0ZS1NYXJpZS5qcGciLCJzbGlkZXNob3ciOiIxY2M1MTY2In0%3D\" href=\"https:\/\/museoparc.ca\/wp-content\/uploads\/2025\/04\/1990-02-02-2259-Sots-Ste-Marie.jpg\"><figure class=\"swiper-slide-inner\"><img decoding=\"async\" class=\"swiper-slide-image\" src=\"https:\/\/museoparc.ca\/wp-content\/uploads\/2025\/04\/1990-02-02-2259-Sots-Ste-Marie.jpg\" alt=\"1990-02-02 2259 Sots-Ste-Marie\" \/><\/figure><\/a><\/div><div class=\"swiper-slide\" role=\"group\" aria-roledescription=\"slide\" aria-label=\"4 of 6\"><a data-elementor-open-lightbox=\"yes\" data-elementor-lightbox-slideshow=\"1cc5166\" data-elementor-lightbox-title=\"1982-08-17\" data-e-action-hash=\"#elementor-action%3Aaction%3Dlightbox%26settings%3DeyJpZCI6MjMzMSwidXJsIjoiaHR0cHM6XC9cL211c2VvcGFyYy5jYVwvd3AtY29udGVudFwvdXBsb2Fkc1wvMjAyNVwvMDRcLzE5ODItMDgtMTcuanBnIiwic2xpZGVzaG93IjoiMWNjNTE2NiJ9\" href=\"https:\/\/museoparc.ca\/wp-content\/uploads\/2025\/04\/1982-08-17.jpg\"><figure class=\"swiper-slide-inner\"><img decoding=\"async\" class=\"swiper-slide-image\" src=\"https:\/\/museoparc.ca\/wp-content\/uploads\/2025\/04\/1982-08-17.jpg\" alt=\"1982-08-17\" \/><\/figure><\/a><\/div><div class=\"swiper-slide\" role=\"group\" aria-roledescription=\"slide\" aria-label=\"5 of 6\"><a data-elementor-open-lightbox=\"yes\" data-elementor-lightbox-slideshow=\"1cc5166\" data-elementor-lightbox-title=\"1. MV_Bado la francophonie_Panneau 1_Intro_2019-11-04_HD_3\" data-e-action-hash=\"#elementor-action%3Aaction%3Dlightbox%26settings%3DeyJpZCI6MjMyNywidXJsIjoiaHR0cHM6XC9cL211c2VvcGFyYy5jYVwvd3AtY29udGVudFwvdXBsb2Fkc1wvMjAyNVwvMDRcLzEuLU1WX0JhZG8tbGEtZnJhbmNvcGhvbmllX1Bhbm5lYXUtMV9JbnRyb18yMDE5LTExLTA0X0hEXzMuanBnIiwic2xpZGVzaG93IjoiMWNjNTE2NiJ9\" href=\"https:\/\/museoparc.ca\/wp-content\/uploads\/2025\/04\/1.-MV_Bado-la-francophonie_Panneau-1_Intro_2019-11-04_HD_3.jpg\"><figure class=\"swiper-slide-inner\"><img decoding=\"async\" class=\"swiper-slide-image\" src=\"https:\/\/museoparc.ca\/wp-content\/uploads\/2025\/04\/1.-MV_Bado-la-francophonie_Panneau-1_Intro_2019-11-04_HD_3.jpg\" alt=\"1. MV_Bado la francophonie_Panneau 1_Intro_2019-11-04_HD_3\" \/><\/figure><\/a><\/div><div class=\"swiper-slide\" role=\"group\" aria-roledescription=\"slide\" aria-label=\"6 of 6\"><a data-elementor-open-lightbox=\"yes\" data-elementor-lightbox-slideshow=\"1cc5166\" data-elementor-lightbox-title=\"Jim Watson,maire,Ottawa,bilinguisme,Bytowne\" data-e-action-hash=\"#elementor-action%3Aaction%3Dlightbox%26settings%3DeyJpZCI6MjMzNywidXJsIjoiaHR0cHM6XC9cL211c2VvcGFyYy5jYVwvd3AtY29udGVudFwvdXBsb2Fkc1wvMjAyNVwvMDRcLzIwMTQtMDgtMTQtODY1NC1XYXRzb24tYmlsaW5ndWlzbWUuanBnIiwic2xpZGVzaG93IjoiMWNjNTE2NiJ9\" href=\"https:\/\/museoparc.ca\/wp-content\/uploads\/2025\/04\/2014-08-14-8654-Watson-bilinguisme.jpg\"><figure class=\"swiper-slide-inner\"><img decoding=\"async\" class=\"swiper-slide-image\" src=\"https:\/\/museoparc.ca\/wp-content\/uploads\/2025\/04\/2014-08-14-8654-Watson-bilinguisme.jpg\" alt=\"Jim Watson,maire,Ottawa,bilinguisme,Bytowne\" \/><\/figure><\/a><\/div>\t\t\t<\/div>\n\t\t\t\t\t\t\t\t\t\t\t\t<div class=\"elementor-swiper-button elementor-swiper-button-prev\" role=\"button\" tabindex=\"0\">\n\t\t\t\t\t\t<i aria-hidden=\"true\" class=\"eicon-chevron-left\"><\/i>\t\t\t\t\t<\/div>\n\t\t\t\t\t<div class=\"elementor-swiper-button elementor-swiper-button-next\" role=\"button\" tabindex=\"0\">\n\t\t\t\t\t\t<i aria-hidden=\"true\" class=\"eicon-chevron-right\"><\/i>\t\t\t\t\t<\/div>\n\t\t\t\t\n\t\t\t\t\t\t\t\t\t<div class=\"swiper-pagination\"><\/div>\n\t\t\t\t\t\t\t\t\t<\/div>\n\t\t\t\t\t\t<\/div>\n\t\t\t\t<\/div>\n\t\t\t\t\t<\/div>\n\t\t\t\t<\/div>\n\t\t\t\t<\/div>\n\t\t","protected":false},"excerpt":{"rendered":"<p>Click on the picture to watch the exhibition\u2019s video This temporary exhibit retraces almost 40 years of editorial cartoons featured [&hellip;]<\/p>\n","protected":false},"author":3,"featured_media":6334,"parent":7936,"menu_order":16,"comment_status":"closed","ping_status":"closed","template":"","meta":{"_acf_changed":false,"_seopress_robots_primary_cat":"","_seopress_titles_title":"","_seopress_titles_desc":"","_seopress_robots_index":"","site-sidebar-layout":"no-sidebar","site-content-layout":"","ast-site-content-layout":"full-width-container","site-content-style":"default","site-sidebar-style":"default","ast-global-header-display":"","ast-banner-title-visibility":"","ast-main-header-display":"","ast-hfb-above-header-display":"","ast-hfb-below-header-display":"","ast-hfb-mobile-header-display":"","site-post-title":"disabled","ast-breadcrumbs-content":"","ast-featured-img":"disabled","footer-sml-layout":"","ast-disable-related-posts":"","theme-transparent-header-meta":"default","adv-header-id-meta":"","stick-header-meta":"","header-above-stick-meta":"","header-main-stick-meta":"","header-below-stick-meta":"","astra-migrate-meta-layouts":"set","ast-page-background-enabled":"default","ast-page-background-meta":{"desktop":{"background-color":"var(--ast-global-color-4)","background-image":"","background-repeat":"repeat","background-position":"center center","background-size":"auto","background-attachment":"scroll","background-type":"","background-media":"","overlay-type":"","overlay-color":"","overlay-opacity":"","overlay-gradient":""},"tablet":{"background-color":"","background-image":"","background-repeat":"repeat","background-position":"center center","background-size":"auto","background-attachment":"scroll","background-type":"","background-media":"","overlay-type":"","overlay-color":"","overlay-opacity":"","overlay-gradient":""},"mobile":{"background-color":"","background-image":"","background-repeat":"repeat","background-position":"center center","background-size":"auto","background-attachment":"scroll","background-type":"","background-media":"","overlay-type":"","overlay-color":"","overlay-opacity":"","overlay-gradient":""}},"ast-content-background-meta":{"desktop":{"background-color":"var(--ast-global-color-5)","background-image":"","background-repeat":"repeat","background-position":"center center","background-size":"auto","background-attachment":"scroll","background-type":"","background-media":"","overlay-type":"","overlay-color":"","overlay-opacity":"","overlay-gradient":""},"tablet":{"background-color":"var(--ast-global-color-5)","background-image":"","background-repeat":"repeat","background-position":"center center","background-size":"auto","background-attachment":"scroll","background-type":"","background-media":"","overlay-type":"","overlay-color":"","overlay-opacity":"","overlay-gradient":""},"mobile":{"background-color":"var(--ast-global-color-5)","background-image":"","background-repeat":"repeat","background-position":"center center","background-size":"auto","background-attachment":"scroll","background-type":"","background-media":"","overlay-type":"","overlay-color":"","overlay-opacity":"","overlay-gradient":""}},"footnotes":""},"expositions-passees":[49],"class_list":["post-7576","page","type-page","status-publish","has-post-thumbnail","hentry","expositions-passees-yes"],"acf":[],"_links":{"self":[{"href":"https:\/\/museoparc.ca\/en\/wp-json\/wp\/v2\/pages\/7576","targetHints":{"allow":["GET"]}}],"collection":[{"href":"https:\/\/museoparc.ca\/en\/wp-json\/wp\/v2\/pages"}],"about":[{"href":"https:\/\/museoparc.ca\/en\/wp-json\/wp\/v2\/types\/page"}],"author":[{"embeddable":true,"href":"https:\/\/museoparc.ca\/en\/wp-json\/wp\/v2\/users\/3"}],"replies":[{"embeddable":true,"href":"https:\/\/museoparc.ca\/en\/wp-json\/wp\/v2\/comments?post=7576"}],"version-history":[{"count":5,"href":"https:\/\/museoparc.ca\/en\/wp-json\/wp\/v2\/pages\/7576\/revisions"}],"predecessor-version":[{"id":8099,"href":"https:\/\/museoparc.ca\/en\/wp-json\/wp\/v2\/pages\/7576\/revisions\/8099"}],"up":[{"embeddable":true,"href":"https:\/\/museoparc.ca\/en\/wp-json\/wp\/v2\/pages\/7936"}],"wp:featuredmedia":[{"embeddable":true,"href":"https:\/\/museoparc.ca\/en\/wp-json\/wp\/v2\/media\/6334"}],"wp:attachment":[{"href":"https:\/\/museoparc.ca\/en\/wp-json\/wp\/v2\/media?parent=7576"}],"wp:term":[{"taxonomy":"expositions-passees","embeddable":true,"href":"https:\/\/museoparc.ca\/en\/wp-json\/wp\/v2\/expositions-passees?post=7576"}],"curies":[{"name":"wp","href":"https:\/\/api.w.org\/{rel}","templated":true}]}}